{"id":2770,"date":"2019-09-17T15:21:47","date_gmt":"2019-09-17T15:21:47","guid":{"rendered":"http:\/\/cusutensili.com\/wordpress\/prodotto\/componenti-per-macchine\/"},"modified":"2021-02-25T15:17:09","modified_gmt":"2021-02-25T15:17:09","slug":"einsatz-fuer-maschinen","status":"publish","type":"product","link":"https:\/\/www.cusutensili.com\/de\/prodotto\/einsatz-fuer-maschinen\/","title":{"rendered":"EINSATZ F\u00dcR MASCHINEN"},"content":{"rendered":"<p>[vc_row][vc_column][vc_column_text]<\/p>\n<p style=\"font-weight: 400;\">Cus Utensili verf\u00fcgt \u00fcber eine moderne und innovative Ausstattung.<br \/>\nIn unserer Fertigungsabteilung k\u00f6nnen wir auch Zubeh\u00f6re, Eins\u00e4tze f\u00fcr Maschinen und verschiedene Komponenten konstruieren und fertigen.<\/p>\n<p>Einige Beispiele:<\/p>\n<ul>\n<li style=\"font-weight: 400;\">Klemmsausr\u00fcstung<\/li>\n<li style=\"font-weight: 400;\">Verlegungsausr\u00fcstung der St\u00fccke<\/li>\n<li style=\"font-weight: 400;\">Spannkloben<\/li>\n<li style=\"font-weight: 400;\">Zange<\/li>\n<li style=\"font-weight: 400;\">industrielle Platte\/Schneide<\/li>\n<li style=\"font-weight: 400;\">Reitstock<\/li>\n<li style=\"font-weight: 400;\">Mitnehmerklaue<\/li>\n<li style=\"font-weight: 400;\">Gripper<\/li>\n<li style=\"font-weight: 400;\">Schneidstempel \/ Stahlstichel\u00a0 \/ Zentriererk\u00f6rner<\/li>\n<li style=\"font-weight: 400;\">Schnittmatrize<\/li>\n<li style=\"font-weight: 400;\">Pr\u00fcfstand<\/li>\n<\/ul>\n<p style=\"font-weight: 400;\"><a href=\"http:\/\/cusutensili.com\/wordpress\/contatti\/?lang=de\"><strong>Bitte senden Sie uns bei E-Mail Ihre Zeichnung! Wir werden uns freuen, Ihr ein Angebot zu schicken.<\/strong><\/a><\/p>\n<p>[\/vc_column_text][\/vc_column][\/vc_row][vc_row][vc_column][vc_btn title=&#8220;DOWNLOADEN CUS UTENSILI VORSTELLUNG&#8220; color=&#8220;danger&#8220; link=&#8220;url:https%3A%2F%2Fwww.cusutensili.com%2Fbrochure_de_video-2%2F||target:%20_blank|&#8220;][\/vc_column][\/vc_row][vc_row][vc_column][vc_media_grid element_width=&#8220;2&#8243; grid_id=&#8220;vc_gid:1589298772956-0ab57348-c94a-6&#8243; include=&#8220;414,409&#8243;][\/vc_column][\/vc_row]<\/p>\n","protected":false},"excerpt":{"rendered":"<p>[vc_row][vc_column][vc_column_text] Cus Utensili verf\u00fcgt \u00fcber eine moderne und innovative Ausstattung. In unserer Fertigungsabteilung k\u00f6nnen wir auch Zubeh\u00f6re, Eins\u00e4tze f\u00fcr Maschinen und verschiedene Komponenten konstruieren und fertigen. Einige Beispiele: Klemmsausr\u00fcstung Verlegungsausr\u00fcstung der St\u00fccke Spannkloben Zange industrielle Platte\/Schneide Reitstock Mitnehmerklaue Gripper Schneidstempel \/ Stahlstichel\u00a0 \/ Zentriererk\u00f6rner Schnittmatrize Pr\u00fcfstand Bitte senden Sie uns bei E-Mail Ihre Zeichnung! Wir&#8230;<\/p>\n","protected":false},"featured_media":2367,"comment_status":"open","ping_status":"closed","template":"","meta":{"_acf_changed":false},"product_brand":[],"product_cat":[105],"product_tag":[],"class_list":{"0":"post-2770","1":"product","2":"type-product","3":"status-publish","4":"has-post-thumbnail","6":"product_cat-ausruestung","8":"first","9":"instock","10":"taxable","11":"shipping-taxable","12":"product-type-simple"},"acf":[],"yoast_head":"<!-- This site is optimized with the Yoast SEO plugin v27.2 - https:\/\/yoast.com\/product\/yoast-seo-wordpress\/ -->\n<title>EINSATZ F\u00dcR MASCHINEN - Cusutensili<\/title>\n<meta name=\"robots\" content=\"index, follow, max-snippet:-1, max-image-preview:large, max-video-preview:-1\" \/>\n<link rel=\"canonical\" href=\"https:\/\/www.cusutensili.com\/de\/prodotto\/einsatz-fuer-maschinen\/\" \/>\n<meta property=\"og:locale\" content=\"de_DE\" \/>\n<meta property=\"og:type\" content=\"article\" \/>\n<meta property=\"og:title\" content=\"EINSATZ F\u00dcR MASCHINEN - Cusutensili\" \/>\n<meta property=\"og:description\" content=\"[vc_row][vc_column][vc_column_text] Cus Utensili verf\u00fcgt \u00fcber eine moderne und innovative Ausstattung. In unserer Fertigungsabteilung k\u00f6nnen wir auch Zubeh\u00f6re, Eins\u00e4tze f\u00fcr Maschinen und verschiedene Komponenten konstruieren und fertigen. Einige Beispiele: Klemmsausr\u00fcstung Verlegungsausr\u00fcstung der St\u00fccke Spannkloben Zange industrielle Platte\/Schneide Reitstock Mitnehmerklaue Gripper Schneidstempel \/ Stahlstichel\u00a0 \/ Zentriererk\u00f6rner Schnittmatrize Pr\u00fcfstand Bitte senden Sie uns bei E-Mail Ihre Zeichnung! Wir...\" \/>\n<meta property=\"og:url\" content=\"https:\/\/www.cusutensili.com\/de\/prodotto\/einsatz-fuer-maschinen\/\" \/>\n<meta property=\"og:site_name\" content=\"Cusutensili\" \/>\n<meta property=\"article:modified_time\" content=\"2021-02-25T15:17:09+00:00\" \/>\n<meta property=\"og:image\" content=\"https:\/\/www.cusutensili.com\/wordpress\/wp-content\/uploads\/2019\/12\/PLATORELLO-BISELLATRICE.jpg\" \/>\n\t<meta property=\"og:image:width\" content=\"1500\" \/>\n\t<meta property=\"og:image:height\" content=\"2000\" \/>\n\t<meta property=\"og:image:type\" content=\"image\/jpeg\" \/>\n<meta name=\"twitter:card\" content=\"summary_large_image\" \/>\n<meta name=\"twitter:label1\" content=\"Gesch\u00e4tzte Lesezeit\" \/>\n\t<meta name=\"twitter:data1\" content=\"1\u00a0Minute\" \/>\n<script type=\"application\/ld+json\" class=\"yoast-schema-graph\">{\"@context\":\"https:\/\/schema.org\",\"@graph\":[{\"@type\":[\"WebPage\",\"ItemPage\"],\"@id\":\"https:\/\/www.cusutensili.com\/de\/prodotto\/einsatz-fuer-maschinen\/\",\"url\":\"https:\/\/www.cusutensili.com\/de\/prodotto\/einsatz-fuer-maschinen\/\",\"name\":\"EINSATZ F\u00dcR MASCHINEN - Cusutensili\",\"isPartOf\":{\"@id\":\"https:\/\/www.cusutensili.com\/de\/#website\"},\"primaryImageOfPage\":{\"@id\":\"https:\/\/www.cusutensili.com\/de\/prodotto\/einsatz-fuer-maschinen\/#primaryimage\"},\"image\":{\"@id\":\"https:\/\/www.cusutensili.com\/de\/prodotto\/einsatz-fuer-maschinen\/#primaryimage\"},\"thumbnailUrl\":\"https:\/\/www.cusutensili.com\/wordpress\/wp-content\/uploads\/2019\/12\/PLATORELLO-BISELLATRICE.jpg\",\"datePublished\":\"2019-09-17T15:21:47+00:00\",\"dateModified\":\"2021-02-25T15:17:09+00:00\",\"breadcrumb\":{\"@id\":\"https:\/\/www.cusutensili.com\/de\/prodotto\/einsatz-fuer-maschinen\/#breadcrumb\"},\"inLanguage\":\"de\",\"potentialAction\":[{\"@type\":\"ReadAction\",\"target\":[\"https:\/\/www.cusutensili.com\/de\/prodotto\/einsatz-fuer-maschinen\/\"]}]},{\"@type\":\"ImageObject\",\"inLanguage\":\"de\",\"@id\":\"https:\/\/www.cusutensili.com\/de\/prodotto\/einsatz-fuer-maschinen\/#primaryimage\",\"url\":\"https:\/\/www.cusutensili.com\/wordpress\/wp-content\/uploads\/2019\/12\/PLATORELLO-BISELLATRICE.jpg\",\"contentUrl\":\"https:\/\/www.cusutensili.com\/wordpress\/wp-content\/uploads\/2019\/12\/PLATORELLO-BISELLATRICE.jpg\",\"width\":1500,\"height\":2000,\"caption\":\"MANDRINO AUTOCENTRANTE BISELLATURA\"},{\"@type\":\"BreadcrumbList\",\"@id\":\"https:\/\/www.cusutensili.com\/de\/prodotto\/einsatz-fuer-maschinen\/#breadcrumb\",\"itemListElement\":[{\"@type\":\"ListItem\",\"position\":1,\"name\":\"Home\",\"item\":\"https:\/\/www.cusutensili.com\/de\/\"},{\"@type\":\"ListItem\",\"position\":2,\"name\":\"Prodotti-archivio\",\"item\":\"https:\/\/www.cusutensili.com\/prodotti-archivio\/\"},{\"@type\":\"ListItem\",\"position\":3,\"name\":\"EINSATZ F\u00dcR MASCHINEN\"}]},{\"@type\":\"WebSite\",\"@id\":\"https:\/\/www.cusutensili.com\/de\/#website\",\"url\":\"https:\/\/www.cusutensili.com\/de\/\",\"name\":\"Cusutensili\",\"description\":\"\",\"publisher\":{\"@id\":\"https:\/\/www.cusutensili.com\/de\/#organization\"},\"potentialAction\":[{\"@type\":\"SearchAction\",\"target\":{\"@type\":\"EntryPoint\",\"urlTemplate\":\"https:\/\/www.cusutensili.com\/de\/?s={search_term_string}\"},\"query-input\":{\"@type\":\"PropertyValueSpecification\",\"valueRequired\":true,\"valueName\":\"search_term_string\"}}],\"inLanguage\":\"de\"},{\"@type\":\"Organization\",\"@id\":\"https:\/\/www.cusutensili.com\/de\/#organization\",\"name\":\"Cus utensili\",\"url\":\"https:\/\/www.cusutensili.com\/de\/\",\"logo\":{\"@type\":\"ImageObject\",\"inLanguage\":\"de\",\"@id\":\"https:\/\/www.cusutensili.com\/de\/#\/schema\/logo\/image\/\",\"url\":\"https:\/\/www.cusutensili.com\/wordpress\/wp-content\/uploads\/2021\/02\/CUS_Logo_COMPLETO.png\",\"contentUrl\":\"https:\/\/www.cusutensili.com\/wordpress\/wp-content\/uploads\/2021\/02\/CUS_Logo_COMPLETO.png\",\"width\":435,\"height\":177,\"caption\":\"Cus utensili\"},\"image\":{\"@id\":\"https:\/\/www.cusutensili.com\/de\/#\/schema\/logo\/image\/\"}}]}<\/script>\n<!-- \/ Yoast SEO plugin. -->","yoast_head_json":{"title":"EINSATZ F\u00dcR MASCHINEN - Cusutensili","robots":{"index":"index","follow":"follow","max-snippet":"max-snippet:-1","max-image-preview":"max-image-preview:large","max-video-preview":"max-video-preview:-1"},"canonical":"https:\/\/www.cusutensili.com\/de\/prodotto\/einsatz-fuer-maschinen\/","og_locale":"de_DE","og_type":"article","og_title":"EINSATZ F\u00dcR MASCHINEN - Cusutensili","og_description":"[vc_row][vc_column][vc_column_text] Cus Utensili verf\u00fcgt \u00fcber eine moderne und innovative Ausstattung. In unserer Fertigungsabteilung k\u00f6nnen wir auch Zubeh\u00f6re, Eins\u00e4tze f\u00fcr Maschinen und verschiedene Komponenten konstruieren und fertigen. Einige Beispiele: Klemmsausr\u00fcstung Verlegungsausr\u00fcstung der St\u00fccke Spannkloben Zange industrielle Platte\/Schneide Reitstock Mitnehmerklaue Gripper Schneidstempel \/ Stahlstichel\u00a0 \/ Zentriererk\u00f6rner Schnittmatrize Pr\u00fcfstand Bitte senden Sie uns bei E-Mail Ihre Zeichnung! Wir...","og_url":"https:\/\/www.cusutensili.com\/de\/prodotto\/einsatz-fuer-maschinen\/","og_site_name":"Cusutensili","article_modified_time":"2021-02-25T15:17:09+00:00","og_image":[{"width":1500,"height":2000,"url":"https:\/\/www.cusutensili.com\/wordpress\/wp-content\/uploads\/2019\/12\/PLATORELLO-BISELLATRICE.jpg","type":"image\/jpeg"}],"twitter_card":"summary_large_image","twitter_misc":{"Gesch\u00e4tzte Lesezeit":"1\u00a0Minute"},"schema":{"@context":"https:\/\/schema.org","@graph":[{"@type":["WebPage","ItemPage"],"@id":"https:\/\/www.cusutensili.com\/de\/prodotto\/einsatz-fuer-maschinen\/","url":"https:\/\/www.cusutensili.com\/de\/prodotto\/einsatz-fuer-maschinen\/","name":"EINSATZ F\u00dcR MASCHINEN - Cusutensili","isPartOf":{"@id":"https:\/\/www.cusutensili.com\/de\/#website"},"primaryImageOfPage":{"@id":"https:\/\/www.cusutensili.com\/de\/prodotto\/einsatz-fuer-maschinen\/#primaryimage"},"image":{"@id":"https:\/\/www.cusutensili.com\/de\/prodotto\/einsatz-fuer-maschinen\/#primaryimage"},"thumbnailUrl":"https:\/\/www.cusutensili.com\/wordpress\/wp-content\/uploads\/2019\/12\/PLATORELLO-BISELLATRICE.jpg","datePublished":"2019-09-17T15:21:47+00:00","dateModified":"2021-02-25T15:17:09+00:00","breadcrumb":{"@id":"https:\/\/www.cusutensili.com\/de\/prodotto\/einsatz-fuer-maschinen\/#breadcrumb"},"inLanguage":"de","potentialAction":[{"@type":"ReadAction","target":["https:\/\/www.cusutensili.com\/de\/prodotto\/einsatz-fuer-maschinen\/"]}]},{"@type":"ImageObject","inLanguage":"de","@id":"https:\/\/www.cusutensili.com\/de\/prodotto\/einsatz-fuer-maschinen\/#primaryimage","url":"https:\/\/www.cusutensili.com\/wordpress\/wp-content\/uploads\/2019\/12\/PLATORELLO-BISELLATRICE.jpg","contentUrl":"https:\/\/www.cusutensili.com\/wordpress\/wp-content\/uploads\/2019\/12\/PLATORELLO-BISELLATRICE.jpg","width":1500,"height":2000,"caption":"MANDRINO AUTOCENTRANTE BISELLATURA"},{"@type":"BreadcrumbList","@id":"https:\/\/www.cusutensili.com\/de\/prodotto\/einsatz-fuer-maschinen\/#breadcrumb","itemListElement":[{"@type":"ListItem","position":1,"name":"Home","item":"https:\/\/www.cusutensili.com\/de\/"},{"@type":"ListItem","position":2,"name":"Prodotti-archivio","item":"https:\/\/www.cusutensili.com\/prodotti-archivio\/"},{"@type":"ListItem","position":3,"name":"EINSATZ F\u00dcR MASCHINEN"}]},{"@type":"WebSite","@id":"https:\/\/www.cusutensili.com\/de\/#website","url":"https:\/\/www.cusutensili.com\/de\/","name":"Cusutensili","description":"","publisher":{"@id":"https:\/\/www.cusutensili.com\/de\/#organization"},"potentialAction":[{"@type":"SearchAction","target":{"@type":"EntryPoint","urlTemplate":"https:\/\/www.cusutensili.com\/de\/?s={search_term_string}"},"query-input":{"@type":"PropertyValueSpecification","valueRequired":true,"valueName":"search_term_string"}}],"inLanguage":"de"},{"@type":"Organization","@id":"https:\/\/www.cusutensili.com\/de\/#organization","name":"Cus utensili","url":"https:\/\/www.cusutensili.com\/de\/","logo":{"@type":"ImageObject","inLanguage":"de","@id":"https:\/\/www.cusutensili.com\/de\/#\/schema\/logo\/image\/","url":"https:\/\/www.cusutensili.com\/wordpress\/wp-content\/uploads\/2021\/02\/CUS_Logo_COMPLETO.png","contentUrl":"https:\/\/www.cusutensili.com\/wordpress\/wp-content\/uploads\/2021\/02\/CUS_Logo_COMPLETO.png","width":435,"height":177,"caption":"Cus utensili"},"image":{"@id":"https:\/\/www.cusutensili.com\/de\/#\/schema\/logo\/image\/"}}]}},"_links":{"self":[{"href":"https:\/\/www.cusutensili.com\/de\/wp-json\/wp\/v2\/product\/2770","targetHints":{"allow":["GET"]}}],"collection":[{"href":"https:\/\/www.cusutensili.com\/de\/wp-json\/wp\/v2\/product"}],"about":[{"href":"https:\/\/www.cusutensili.com\/de\/wp-json\/wp\/v2\/types\/product"}],"replies":[{"embeddable":true,"href":"https:\/\/www.cusutensili.com\/de\/wp-json\/wp\/v2\/comments?post=2770"}],"wp:featuredmedia":[{"embeddable":true,"href":"https:\/\/www.cusutensili.com\/de\/wp-json\/wp\/v2\/media\/2367"}],"wp:attachment":[{"href":"https:\/\/www.cusutensili.com\/de\/wp-json\/wp\/v2\/media?parent=2770"}],"wp:term":[{"taxonomy":"product_brand","embeddable":true,"href":"https:\/\/www.cusutensili.com\/de\/wp-json\/wp\/v2\/product_brand?post=2770"},{"taxonomy":"product_cat","embeddable":true,"href":"https:\/\/www.cusutensili.com\/de\/wp-json\/wp\/v2\/product_cat?post=2770"},{"taxonomy":"product_tag","embeddable":true,"href":"https:\/\/www.cusutensili.com\/de\/wp-json\/wp\/v2\/product_tag?post=2770"}],"curies":[{"name":"wp","href":"https:\/\/api.w.org\/{rel}","templated":true}]}}