{"id":2767,"date":"2019-09-18T08:57:40","date_gmt":"2019-09-18T08:57:40","guid":{"rendered":"http:\/\/cusutensili.com\/wordpress\/prodotto\/morsetti-di-serraggio\/"},"modified":"2021-02-25T15:13:27","modified_gmt":"2021-02-25T15:13:27","slug":"spannbacken","status":"publish","type":"product","link":"https:\/\/www.cusutensili.com\/de\/prodotto\/spannbacken\/","title":{"rendered":"SPANNBACKEN"},"content":{"rendered":"<p>[vc_row][vc_column][vc_column_text]Durch unsere schlussfertig Service ist und immer \u00f6fter gefragt, ob Cus utensili klemme Ausr\u00fcstung bieten kann.<br \/>\nDeshalb sind wir daf\u00fcr geeignet geworden.<br \/>\nSonderklemme sind die Produkte, die wir mehr konstruiert und gefertigt haben.<br \/>\nDie Anwendungen unserer Sonderklemme sind verschiedene z. B. Transfermaschinen, CNC Drehmaschinen, CNC Werkzeugmaschinen.<br \/>\nUnsere Sonderklemme stellen der Kunde in der Lage, Bearbeitungszeit zu optimieren und dem Wettbewerb voraus zu bleiben.[\/vc_column_text][\/vc_column][\/vc_row][vc_row][vc_column][vc_btn title=&#8220;DOWNLOADEN CUS UTENSILI VORSTELLUNG&#8220; color=&#8220;danger&#8220; link=&#8220;url:https%3A%2F%2Fwww.cusutensili.com%2Fwordpress%2Fwp-content%2Fuploads%2F2020%2F04%2FBrochure_DE_VIDEO.pdf||target:%20_blank|&#8220;][\/vc_column][\/vc_row][vc_row][vc_column][vc_media_grid element_width=&#8220;2&#8243; grid_id=&#8220;vc_gid:1589199306770-7374f191-31ee-5&#8243; include=&#8220;409,414&#8243;][\/vc_column][\/vc_row]<\/p>\n","protected":false},"excerpt":{"rendered":"<p>[vc_row][vc_column][vc_column_text]Durch unsere schlussfertig Service ist und immer \u00f6fter gefragt, ob Cus utensili klemme Ausr\u00fcstung bieten kann. Deshalb sind wir daf\u00fcr geeignet geworden. Sonderklemme sind die Produkte, die wir mehr konstruiert und gefertigt haben. Die Anwendungen unserer Sonderklemme sind verschiedene z. B. Transfermaschinen, CNC Drehmaschinen, CNC Werkzeugmaschinen. Unsere Sonderklemme stellen der Kunde in der Lage, Bearbeitungszeit&#8230;<\/p>\n","protected":false},"featured_media":2364,"comment_status":"open","ping_status":"closed","template":"","meta":{"_acf_changed":false},"product_brand":[],"product_cat":[105],"product_tag":[],"class_list":{"0":"post-2767","1":"product","2":"type-product","3":"status-publish","4":"has-post-thumbnail","6":"product_cat-ausruestung","8":"first","9":"instock","10":"taxable","11":"shipping-taxable","12":"product-type-simple"},"acf":[],"yoast_head":"<!-- This site is optimized with the Yoast SEO plugin v27.2 - https:\/\/yoast.com\/product\/yoast-seo-wordpress\/ -->\n<title>SPANNBACKEN - Cusutensili<\/title>\n<meta name=\"robots\" content=\"index, follow, max-snippet:-1, max-image-preview:large, max-video-preview:-1\" \/>\n<link rel=\"canonical\" href=\"https:\/\/www.cusutensili.com\/de\/prodotto\/spannbacken\/\" \/>\n<meta property=\"og:locale\" content=\"de_DE\" \/>\n<meta property=\"og:type\" content=\"article\" \/>\n<meta property=\"og:title\" content=\"SPANNBACKEN - Cusutensili\" \/>\n<meta property=\"og:description\" content=\"[vc_row][vc_column][vc_column_text]Durch unsere schlussfertig Service ist und immer \u00f6fter gefragt, ob Cus utensili klemme Ausr\u00fcstung bieten kann. Deshalb sind wir daf\u00fcr geeignet geworden. Sonderklemme sind die Produkte, die wir mehr konstruiert und gefertigt haben. Die Anwendungen unserer Sonderklemme sind verschiedene z. B. Transfermaschinen, CNC Drehmaschinen, CNC Werkzeugmaschinen. Unsere Sonderklemme stellen der Kunde in der Lage, Bearbeitungszeit...\" \/>\n<meta property=\"og:url\" content=\"https:\/\/www.cusutensili.com\/de\/prodotto\/spannbacken\/\" \/>\n<meta property=\"og:site_name\" content=\"Cusutensili\" \/>\n<meta property=\"article:modified_time\" content=\"2021-02-25T15:13:27+00:00\" \/>\n<meta property=\"og:image\" content=\"https:\/\/www.cusutensili.com\/wordpress\/wp-content\/uploads\/2019\/12\/MORSETTO-SPECIALE.jpg\" \/>\n\t<meta property=\"og:image:width\" content=\"1500\" \/>\n\t<meta property=\"og:image:height\" content=\"2000\" \/>\n\t<meta property=\"og:image:type\" content=\"image\/jpeg\" \/>\n<meta name=\"twitter:card\" content=\"summary_large_image\" \/>\n<meta name=\"twitter:label1\" content=\"Gesch\u00e4tzte Lesezeit\" \/>\n\t<meta name=\"twitter:data1\" content=\"1\u00a0Minute\" \/>\n<script type=\"application\/ld+json\" class=\"yoast-schema-graph\">{\"@context\":\"https:\/\/schema.org\",\"@graph\":[{\"@type\":[\"WebPage\",\"ItemPage\"],\"@id\":\"https:\/\/www.cusutensili.com\/de\/prodotto\/spannbacken\/\",\"url\":\"https:\/\/www.cusutensili.com\/de\/prodotto\/spannbacken\/\",\"name\":\"SPANNBACKEN - Cusutensili\",\"isPartOf\":{\"@id\":\"https:\/\/www.cusutensili.com\/de\/#website\"},\"primaryImageOfPage\":{\"@id\":\"https:\/\/www.cusutensili.com\/de\/prodotto\/spannbacken\/#primaryimage\"},\"image\":{\"@id\":\"https:\/\/www.cusutensili.com\/de\/prodotto\/spannbacken\/#primaryimage\"},\"thumbnailUrl\":\"https:\/\/www.cusutensili.com\/wordpress\/wp-content\/uploads\/2019\/12\/MORSETTO-SPECIALE.jpg\",\"datePublished\":\"2019-09-18T08:57:40+00:00\",\"dateModified\":\"2021-02-25T15:13:27+00:00\",\"breadcrumb\":{\"@id\":\"https:\/\/www.cusutensili.com\/de\/prodotto\/spannbacken\/#breadcrumb\"},\"inLanguage\":\"de\",\"potentialAction\":[{\"@type\":\"ReadAction\",\"target\":[\"https:\/\/www.cusutensili.com\/de\/prodotto\/spannbacken\/\"]}]},{\"@type\":\"ImageObject\",\"inLanguage\":\"de\",\"@id\":\"https:\/\/www.cusutensili.com\/de\/prodotto\/spannbacken\/#primaryimage\",\"url\":\"https:\/\/www.cusutensili.com\/wordpress\/wp-content\/uploads\/2019\/12\/MORSETTO-SPECIALE.jpg\",\"contentUrl\":\"https:\/\/www.cusutensili.com\/wordpress\/wp-content\/uploads\/2019\/12\/MORSETTO-SPECIALE.jpg\",\"width\":1500,\"height\":2000,\"caption\":\"MORSETTI PER AUTOBLOCK\"},{\"@type\":\"BreadcrumbList\",\"@id\":\"https:\/\/www.cusutensili.com\/de\/prodotto\/spannbacken\/#breadcrumb\",\"itemListElement\":[{\"@type\":\"ListItem\",\"position\":1,\"name\":\"Home\",\"item\":\"https:\/\/www.cusutensili.com\/de\/\"},{\"@type\":\"ListItem\",\"position\":2,\"name\":\"Prodotti-archivio\",\"item\":\"https:\/\/www.cusutensili.com\/prodotti-archivio\/\"},{\"@type\":\"ListItem\",\"position\":3,\"name\":\"SPANNBACKEN\"}]},{\"@type\":\"WebSite\",\"@id\":\"https:\/\/www.cusutensili.com\/de\/#website\",\"url\":\"https:\/\/www.cusutensili.com\/de\/\",\"name\":\"Cusutensili\",\"description\":\"\",\"publisher\":{\"@id\":\"https:\/\/www.cusutensili.com\/de\/#organization\"},\"potentialAction\":[{\"@type\":\"SearchAction\",\"target\":{\"@type\":\"EntryPoint\",\"urlTemplate\":\"https:\/\/www.cusutensili.com\/de\/?s={search_term_string}\"},\"query-input\":{\"@type\":\"PropertyValueSpecification\",\"valueRequired\":true,\"valueName\":\"search_term_string\"}}],\"inLanguage\":\"de\"},{\"@type\":\"Organization\",\"@id\":\"https:\/\/www.cusutensili.com\/de\/#organization\",\"name\":\"Cus utensili\",\"url\":\"https:\/\/www.cusutensili.com\/de\/\",\"logo\":{\"@type\":\"ImageObject\",\"inLanguage\":\"de\",\"@id\":\"https:\/\/www.cusutensili.com\/de\/#\/schema\/logo\/image\/\",\"url\":\"https:\/\/www.cusutensili.com\/wordpress\/wp-content\/uploads\/2021\/02\/CUS_Logo_COMPLETO.png\",\"contentUrl\":\"https:\/\/www.cusutensili.com\/wordpress\/wp-content\/uploads\/2021\/02\/CUS_Logo_COMPLETO.png\",\"width\":435,\"height\":177,\"caption\":\"Cus utensili\"},\"image\":{\"@id\":\"https:\/\/www.cusutensili.com\/de\/#\/schema\/logo\/image\/\"}}]}<\/script>\n<!-- \/ Yoast SEO plugin. -->","yoast_head_json":{"title":"SPANNBACKEN - Cusutensili","robots":{"index":"index","follow":"follow","max-snippet":"max-snippet:-1","max-image-preview":"max-image-preview:large","max-video-preview":"max-video-preview:-1"},"canonical":"https:\/\/www.cusutensili.com\/de\/prodotto\/spannbacken\/","og_locale":"de_DE","og_type":"article","og_title":"SPANNBACKEN - Cusutensili","og_description":"[vc_row][vc_column][vc_column_text]Durch unsere schlussfertig Service ist und immer \u00f6fter gefragt, ob Cus utensili klemme Ausr\u00fcstung bieten kann. Deshalb sind wir daf\u00fcr geeignet geworden. Sonderklemme sind die Produkte, die wir mehr konstruiert und gefertigt haben. Die Anwendungen unserer Sonderklemme sind verschiedene z. B. Transfermaschinen, CNC Drehmaschinen, CNC Werkzeugmaschinen. Unsere Sonderklemme stellen der Kunde in der Lage, Bearbeitungszeit...","og_url":"https:\/\/www.cusutensili.com\/de\/prodotto\/spannbacken\/","og_site_name":"Cusutensili","article_modified_time":"2021-02-25T15:13:27+00:00","og_image":[{"width":1500,"height":2000,"url":"https:\/\/www.cusutensili.com\/wordpress\/wp-content\/uploads\/2019\/12\/MORSETTO-SPECIALE.jpg","type":"image\/jpeg"}],"twitter_card":"summary_large_image","twitter_misc":{"Gesch\u00e4tzte Lesezeit":"1\u00a0Minute"},"schema":{"@context":"https:\/\/schema.org","@graph":[{"@type":["WebPage","ItemPage"],"@id":"https:\/\/www.cusutensili.com\/de\/prodotto\/spannbacken\/","url":"https:\/\/www.cusutensili.com\/de\/prodotto\/spannbacken\/","name":"SPANNBACKEN - Cusutensili","isPartOf":{"@id":"https:\/\/www.cusutensili.com\/de\/#website"},"primaryImageOfPage":{"@id":"https:\/\/www.cusutensili.com\/de\/prodotto\/spannbacken\/#primaryimage"},"image":{"@id":"https:\/\/www.cusutensili.com\/de\/prodotto\/spannbacken\/#primaryimage"},"thumbnailUrl":"https:\/\/www.cusutensili.com\/wordpress\/wp-content\/uploads\/2019\/12\/MORSETTO-SPECIALE.jpg","datePublished":"2019-09-18T08:57:40+00:00","dateModified":"2021-02-25T15:13:27+00:00","breadcrumb":{"@id":"https:\/\/www.cusutensili.com\/de\/prodotto\/spannbacken\/#breadcrumb"},"inLanguage":"de","potentialAction":[{"@type":"ReadAction","target":["https:\/\/www.cusutensili.com\/de\/prodotto\/spannbacken\/"]}]},{"@type":"ImageObject","inLanguage":"de","@id":"https:\/\/www.cusutensili.com\/de\/prodotto\/spannbacken\/#primaryimage","url":"https:\/\/www.cusutensili.com\/wordpress\/wp-content\/uploads\/2019\/12\/MORSETTO-SPECIALE.jpg","contentUrl":"https:\/\/www.cusutensili.com\/wordpress\/wp-content\/uploads\/2019\/12\/MORSETTO-SPECIALE.jpg","width":1500,"height":2000,"caption":"MORSETTI PER AUTOBLOCK"},{"@type":"BreadcrumbList","@id":"https:\/\/www.cusutensili.com\/de\/prodotto\/spannbacken\/#breadcrumb","itemListElement":[{"@type":"ListItem","position":1,"name":"Home","item":"https:\/\/www.cusutensili.com\/de\/"},{"@type":"ListItem","position":2,"name":"Prodotti-archivio","item":"https:\/\/www.cusutensili.com\/prodotti-archivio\/"},{"@type":"ListItem","position":3,"name":"SPANNBACKEN"}]},{"@type":"WebSite","@id":"https:\/\/www.cusutensili.com\/de\/#website","url":"https:\/\/www.cusutensili.com\/de\/","name":"Cusutensili","description":"","publisher":{"@id":"https:\/\/www.cusutensili.com\/de\/#organization"},"potentialAction":[{"@type":"SearchAction","target":{"@type":"EntryPoint","urlTemplate":"https:\/\/www.cusutensili.com\/de\/?s={search_term_string}"},"query-input":{"@type":"PropertyValueSpecification","valueRequired":true,"valueName":"search_term_string"}}],"inLanguage":"de"},{"@type":"Organization","@id":"https:\/\/www.cusutensili.com\/de\/#organization","name":"Cus utensili","url":"https:\/\/www.cusutensili.com\/de\/","logo":{"@type":"ImageObject","inLanguage":"de","@id":"https:\/\/www.cusutensili.com\/de\/#\/schema\/logo\/image\/","url":"https:\/\/www.cusutensili.com\/wordpress\/wp-content\/uploads\/2021\/02\/CUS_Logo_COMPLETO.png","contentUrl":"https:\/\/www.cusutensili.com\/wordpress\/wp-content\/uploads\/2021\/02\/CUS_Logo_COMPLETO.png","width":435,"height":177,"caption":"Cus utensili"},"image":{"@id":"https:\/\/www.cusutensili.com\/de\/#\/schema\/logo\/image\/"}}]}},"_links":{"self":[{"href":"https:\/\/www.cusutensili.com\/de\/wp-json\/wp\/v2\/product\/2767","targetHints":{"allow":["GET"]}}],"collection":[{"href":"https:\/\/www.cusutensili.com\/de\/wp-json\/wp\/v2\/product"}],"about":[{"href":"https:\/\/www.cusutensili.com\/de\/wp-json\/wp\/v2\/types\/product"}],"replies":[{"embeddable":true,"href":"https:\/\/www.cusutensili.com\/de\/wp-json\/wp\/v2\/comments?post=2767"}],"wp:featuredmedia":[{"embeddable":true,"href":"https:\/\/www.cusutensili.com\/de\/wp-json\/wp\/v2\/media\/2364"}],"wp:attachment":[{"href":"https:\/\/www.cusutensili.com\/de\/wp-json\/wp\/v2\/media?parent=2767"}],"wp:term":[{"taxonomy":"product_brand","embeddable":true,"href":"https:\/\/www.cusutensili.com\/de\/wp-json\/wp\/v2\/product_brand?post=2767"},{"taxonomy":"product_cat","embeddable":true,"href":"https:\/\/www.cusutensili.com\/de\/wp-json\/wp\/v2\/product_cat?post=2767"},{"taxonomy":"product_tag","embeddable":true,"href":"https:\/\/www.cusutensili.com\/de\/wp-json\/wp\/v2\/product_tag?post=2767"}],"curies":[{"name":"wp","href":"https:\/\/api.w.org\/{rel}","templated":true}]}}