{"id":2755,"date":"2019-09-15T16:33:31","date_gmt":"2020-04-25T09:40:43","guid":{"rendered":"http:\/\/cusutensili.com\/wordpress\/?post_type=product&#038;p=2755"},"modified":"2021-02-25T16:20:02","modified_gmt":"2021-02-25T15:20:02","slug":"wendeschneidplatten","status":"publish","type":"product","link":"https:\/\/www.cusutensili.com\/de\/prodotto\/wendeschneidplatten\/","title":{"rendered":"WENDESCHNEIDPLATTEN"},"content":{"rendered":"<p>[vc_row][vc_column][vc_column_text]Cus utensili verbindet Bearbeitungsherausforderungen mit Werkzeugen und L\u00f6sungen miteinander.<br \/>\n<span id=\"decorator-synonym-entity-id-70\" data-entity-key=\"70\" data-offset-key=\"al17r-0-0\"><span data-offset-key=\"al17r-0-0\">U<\/span><\/span><span data-offset-key=\"al17r-1-0\">nsere Sonderwendeschneidplatten sind in verschiedenen Formen, Gr\u00f6\u00dfen und dicken erh\u00e4ltlich und wurden von uns mit einem Ziel entwickelt: erh\u00f6hte Produktivit\u00e4t und l\u00e4ngere Werkzeugstandzeiten f\u00fcr Ihre Prozesse.<\/span><\/p>\n<div class=\"\" data-block=\"true\" data-editor=\"4f6hq\" data-offset-key=\"5tme8-0-0\">\n<div class=\"public-DraftStyleDefault-block public-DraftStyleDefault-ltr\" data-offset-key=\"5tme8-0-0\"><strong>Keine Sorge auf die Menge!<\/strong><\/div>\n<\/div>\n<div class=\"\" data-block=\"true\" data-editor=\"4f6hq\" data-offset-key=\"8lude-0-0\">\n<div class=\"public-DraftStyleDefault-block public-DraftStyleDefault-ltr\" data-offset-key=\"8lude-0-0\"><span data-offset-key=\"8lude-0-0\">Wir betreiben sowohl minimale als auch maximale Menge.<\/span><\/div>\n<\/div>\n<div class=\"\" data-block=\"true\" data-editor=\"4f6hq\" data-offset-key=\"dp97m-0-0\">\n<div class=\"public-DraftStyleDefault-block public-DraftStyleDefault-ltr\" data-offset-key=\"dp97m-0-0\"><span data-offset-key=\"dp97m-0-0\">Wir w\u00e4hlen immer die richtigen Spanbrecher und Spanwinkel, die unserer Kunde f\u00fcr ein hervorragendes Ergebnis auf jedem Werkstoff sorgen. <\/span><\/div>\n<div data-offset-key=\"dp97m-0-0\"><\/div>\n<div class=\"public-DraftStyleDefault-block public-DraftStyleDefault-ltr\" data-offset-key=\"dp97m-0-0\"><span data-offset-key=\"dp97m-0-0\">Hier liest man einige Beispiele:<\/span><\/div>\n<\/div>\n<div class=\"\" data-block=\"true\" data-editor=\"4f6hq\" data-offset-key=\"8oshd-0-0\">\n<ul>\n<li class=\"public-DraftStyleDefault-block public-DraftStyleDefault-ltr\" data-offset-key=\"8oshd-0-0\"><span data-offset-key=\"8oshd-0-0\">Wendeschneidplatten, um zu drehen<\/span><\/li>\n<li class=\"public-DraftStyleDefault-block public-DraftStyleDefault-ltr\" data-offset-key=\"8oshd-0-0\">Wendeschneidplatten, um zu bohren<\/li>\n<li class=\"public-DraftStyleDefault-block public-DraftStyleDefault-ltr\" data-offset-key=\"8oshd-0-0\">Wendeschneidplatten, um zu aufbohren<\/li>\n<li class=\"public-DraftStyleDefault-block public-DraftStyleDefault-ltr\" data-offset-key=\"8oshd-0-0\">Wendeschneidplatten, um zu fr\u00e4sen<\/li>\n<li class=\"public-DraftStyleDefault-block public-DraftStyleDefault-ltr\" data-offset-key=\"8oshd-0-0\">Wendeschneidplatten, um zu r\u00e4umen<\/li>\n<\/ul>\n<\/div>\n<div class=\"\" data-block=\"true\" data-editor=\"4f6hq\" data-offset-key=\"7ev4u-0-0\">\n<div class=\"public-DraftStyleDefault-block public-DraftStyleDefault-ltr\" data-offset-key=\"7ev4u-0-0\"><mark class=\"pad__mark pad__mark--inline-advice pad__mark--in-focus\" data-entity-key=\"279\" data-offset-key=\"7ev4u-0-0\" data-highlight-entity-key=\"279\"><span data-offset-key=\"7ev4u-0-0\">Auf<\/span><\/mark><span data-offset-key=\"7ev4u-1-0\"> Wunsch erhalten Sie auch Beschichtung Service.<\/span><\/div>\n<div class=\"public-DraftStyleDefault-block public-DraftStyleDefault-ltr\" data-offset-key=\"7ev4u-0-0\"><mark class=\"pad__mark pad__mark--inline-advice\" data-entity-key=\"280\" data-offset-key=\"7ev4u-2-0\" data-highlight-entity-key=\"280\"><span data-offset-key=\"7ev4u-2-0\">Seit vielen Jahren arbeiten Cus<\/span><\/mark> <mark class=\"pad__mark pad__mark--inline-advice\" data-entity-key=\"281\" data-offset-key=\"7ev4u-4-0\" data-highlight-entity-key=\"281\"><span data-offset-key=\"7ev4u-4-0\">Utensili<\/span><\/mark><span data-offset-key=\"7ev4u-5-0\"> und <\/span><mark class=\"pad__mark pad__mark--inline-advice\" data-entity-key=\"282\" data-offset-key=\"7ev4u-6-0\" data-highlight-entity-key=\"282\"><span data-offset-key=\"7ev4u-6-0\">Oerlikon Balzer zusammen.<\/span><\/mark><\/div>\n<\/div>\n<p>[\/vc_column_text][\/vc_column][\/vc_row][vc_row][vc_column][vc_btn title=&#8220;Downloaden Cus Utensili Vorstellung&#8220; color=&#8220;danger&#8220; link=&#8220;url:%20https%3A%2F%2Fwww.cusutensili.com%2Fbrochure_de_video-2%2F||target:%20_blank|&#8220;][\/vc_column][\/vc_row][vc_row][vc_column][vc_media_grid element_width=&#8220;2&#8243; grid_id=&#8220;vc_gid:1589284451933-1b7f0473-4248-1&#8243; include=&#8220;399,414&#8243;][\/vc_column][\/vc_row]<\/p>\n","protected":false},"excerpt":{"rendered":"<p>[vc_row][vc_column][vc_column_text]Cus utensili verbindet Bearbeitungsherausforderungen mit Werkzeugen und L\u00f6sungen miteinander. Unsere Sonderwendeschneidplatten sind in verschiedenen Formen, Gr\u00f6\u00dfen und dicken erh\u00e4ltlich und wurden von uns mit einem Ziel entwickelt: erh\u00f6hte Produktivit\u00e4t und l\u00e4ngere Werkzeugstandzeiten f\u00fcr Ihre Prozesse. Keine Sorge auf die Menge! Wir betreiben sowohl minimale als auch maximale Menge. Wir w\u00e4hlen immer die richtigen Spanbrecher und&#8230;<\/p>\n","protected":false},"featured_media":811,"comment_status":"open","ping_status":"closed","template":"","meta":{"_acf_changed":false},"product_brand":[],"product_cat":[39],"product_tag":[],"class_list":{"0":"post-2755","1":"product","2":"type-product","3":"status-publish","4":"has-post-thumbnail","6":"product_cat-sonderwerkzeuge","8":"first","9":"instock","10":"taxable","11":"shipping-taxable","12":"product-type-simple"},"acf":[],"yoast_head":"<!-- This site is optimized with the Yoast SEO plugin v27.2 - https:\/\/yoast.com\/product\/yoast-seo-wordpress\/ -->\n<title>WENDESCHNEIDPLATTEN - Cusutensili<\/title>\n<meta name=\"robots\" content=\"index, follow, max-snippet:-1, max-image-preview:large, max-video-preview:-1\" \/>\n<link rel=\"canonical\" href=\"https:\/\/www.cusutensili.com\/de\/prodotto\/wendeschneidplatten\/\" \/>\n<meta property=\"og:locale\" content=\"de_DE\" \/>\n<meta property=\"og:type\" content=\"article\" \/>\n<meta property=\"og:title\" content=\"WENDESCHNEIDPLATTEN - Cusutensili\" \/>\n<meta property=\"og:description\" content=\"[vc_row][vc_column][vc_column_text]Cus utensili verbindet Bearbeitungsherausforderungen mit Werkzeugen und L\u00f6sungen miteinander. Unsere Sonderwendeschneidplatten sind in verschiedenen Formen, Gr\u00f6\u00dfen und dicken erh\u00e4ltlich und wurden von uns mit einem Ziel entwickelt: erh\u00f6hte Produktivit\u00e4t und l\u00e4ngere Werkzeugstandzeiten f\u00fcr Ihre Prozesse. Keine Sorge auf die Menge! Wir betreiben sowohl minimale als auch maximale Menge. Wir w\u00e4hlen immer die richtigen Spanbrecher und...\" \/>\n<meta property=\"og:url\" content=\"https:\/\/www.cusutensili.com\/de\/prodotto\/wendeschneidplatten\/\" \/>\n<meta property=\"og:site_name\" content=\"Cusutensili\" \/>\n<meta property=\"article:modified_time\" content=\"2021-02-25T15:20:02+00:00\" \/>\n<meta property=\"og:image\" content=\"https:\/\/www.cusutensili.com\/wordpress\/wp-content\/uploads\/2020\/01\/inserti-sagomati.jpg\" \/>\n\t<meta property=\"og:image:width\" content=\"1500\" \/>\n\t<meta property=\"og:image:height\" content=\"2000\" \/>\n\t<meta property=\"og:image:type\" content=\"image\/jpeg\" \/>\n<meta name=\"twitter:card\" content=\"summary_large_image\" \/>\n<meta name=\"twitter:label1\" content=\"Gesch\u00e4tzte Lesezeit\" \/>\n\t<meta name=\"twitter:data1\" content=\"1\u00a0Minute\" \/>\n<script type=\"application\/ld+json\" class=\"yoast-schema-graph\">{\"@context\":\"https:\/\/schema.org\",\"@graph\":[{\"@type\":[\"WebPage\",\"ItemPage\"],\"@id\":\"https:\/\/www.cusutensili.com\/de\/prodotto\/wendeschneidplatten\/\",\"url\":\"https:\/\/www.cusutensili.com\/de\/prodotto\/wendeschneidplatten\/\",\"name\":\"WENDESCHNEIDPLATTEN - Cusutensili\",\"isPartOf\":{\"@id\":\"https:\/\/www.cusutensili.com\/de\/#website\"},\"primaryImageOfPage\":{\"@id\":\"https:\/\/www.cusutensili.com\/de\/prodotto\/wendeschneidplatten\/#primaryimage\"},\"image\":{\"@id\":\"https:\/\/www.cusutensili.com\/de\/prodotto\/wendeschneidplatten\/#primaryimage\"},\"thumbnailUrl\":\"https:\/\/www.cusutensili.com\/wordpress\/wp-content\/uploads\/2020\/01\/inserti-sagomati.jpg\",\"datePublished\":\"2020-04-25T09:40:43+00:00\",\"dateModified\":\"2021-02-25T15:20:02+00:00\",\"breadcrumb\":{\"@id\":\"https:\/\/www.cusutensili.com\/de\/prodotto\/wendeschneidplatten\/#breadcrumb\"},\"inLanguage\":\"de\",\"potentialAction\":[{\"@type\":\"ReadAction\",\"target\":[\"https:\/\/www.cusutensili.com\/de\/prodotto\/wendeschneidplatten\/\"]}]},{\"@type\":\"ImageObject\",\"inLanguage\":\"de\",\"@id\":\"https:\/\/www.cusutensili.com\/de\/prodotto\/wendeschneidplatten\/#primaryimage\",\"url\":\"https:\/\/www.cusutensili.com\/wordpress\/wp-content\/uploads\/2020\/01\/inserti-sagomati.jpg\",\"contentUrl\":\"https:\/\/www.cusutensili.com\/wordpress\/wp-content\/uploads\/2020\/01\/inserti-sagomati.jpg\",\"width\":1500,\"height\":2000},{\"@type\":\"BreadcrumbList\",\"@id\":\"https:\/\/www.cusutensili.com\/de\/prodotto\/wendeschneidplatten\/#breadcrumb\",\"itemListElement\":[{\"@type\":\"ListItem\",\"position\":1,\"name\":\"Home\",\"item\":\"https:\/\/www.cusutensili.com\/de\/\"},{\"@type\":\"ListItem\",\"position\":2,\"name\":\"Prodotti-archivio\",\"item\":\"https:\/\/www.cusutensili.com\/prodotti-archivio\/\"},{\"@type\":\"ListItem\",\"position\":3,\"name\":\"WENDESCHNEIDPLATTEN\"}]},{\"@type\":\"WebSite\",\"@id\":\"https:\/\/www.cusutensili.com\/de\/#website\",\"url\":\"https:\/\/www.cusutensili.com\/de\/\",\"name\":\"Cusutensili\",\"description\":\"\",\"publisher\":{\"@id\":\"https:\/\/www.cusutensili.com\/de\/#organization\"},\"potentialAction\":[{\"@type\":\"SearchAction\",\"target\":{\"@type\":\"EntryPoint\",\"urlTemplate\":\"https:\/\/www.cusutensili.com\/de\/?s={search_term_string}\"},\"query-input\":{\"@type\":\"PropertyValueSpecification\",\"valueRequired\":true,\"valueName\":\"search_term_string\"}}],\"inLanguage\":\"de\"},{\"@type\":\"Organization\",\"@id\":\"https:\/\/www.cusutensili.com\/de\/#organization\",\"name\":\"Cus utensili\",\"url\":\"https:\/\/www.cusutensili.com\/de\/\",\"logo\":{\"@type\":\"ImageObject\",\"inLanguage\":\"de\",\"@id\":\"https:\/\/www.cusutensili.com\/de\/#\/schema\/logo\/image\/\",\"url\":\"https:\/\/www.cusutensili.com\/wordpress\/wp-content\/uploads\/2021\/02\/CUS_Logo_COMPLETO.png\",\"contentUrl\":\"https:\/\/www.cusutensili.com\/wordpress\/wp-content\/uploads\/2021\/02\/CUS_Logo_COMPLETO.png\",\"width\":435,\"height\":177,\"caption\":\"Cus utensili\"},\"image\":{\"@id\":\"https:\/\/www.cusutensili.com\/de\/#\/schema\/logo\/image\/\"}}]}<\/script>\n<!-- \/ Yoast SEO plugin. -->","yoast_head_json":{"title":"WENDESCHNEIDPLATTEN - Cusutensili","robots":{"index":"index","follow":"follow","max-snippet":"max-snippet:-1","max-image-preview":"max-image-preview:large","max-video-preview":"max-video-preview:-1"},"canonical":"https:\/\/www.cusutensili.com\/de\/prodotto\/wendeschneidplatten\/","og_locale":"de_DE","og_type":"article","og_title":"WENDESCHNEIDPLATTEN - Cusutensili","og_description":"[vc_row][vc_column][vc_column_text]Cus utensili verbindet Bearbeitungsherausforderungen mit Werkzeugen und L\u00f6sungen miteinander. Unsere Sonderwendeschneidplatten sind in verschiedenen Formen, Gr\u00f6\u00dfen und dicken erh\u00e4ltlich und wurden von uns mit einem Ziel entwickelt: erh\u00f6hte Produktivit\u00e4t und l\u00e4ngere Werkzeugstandzeiten f\u00fcr Ihre Prozesse. Keine Sorge auf die Menge! Wir betreiben sowohl minimale als auch maximale Menge. Wir w\u00e4hlen immer die richtigen Spanbrecher und...","og_url":"https:\/\/www.cusutensili.com\/de\/prodotto\/wendeschneidplatten\/","og_site_name":"Cusutensili","article_modified_time":"2021-02-25T15:20:02+00:00","og_image":[{"width":1500,"height":2000,"url":"https:\/\/www.cusutensili.com\/wordpress\/wp-content\/uploads\/2020\/01\/inserti-sagomati.jpg","type":"image\/jpeg"}],"twitter_card":"summary_large_image","twitter_misc":{"Gesch\u00e4tzte Lesezeit":"1\u00a0Minute"},"schema":{"@context":"https:\/\/schema.org","@graph":[{"@type":["WebPage","ItemPage"],"@id":"https:\/\/www.cusutensili.com\/de\/prodotto\/wendeschneidplatten\/","url":"https:\/\/www.cusutensili.com\/de\/prodotto\/wendeschneidplatten\/","name":"WENDESCHNEIDPLATTEN - Cusutensili","isPartOf":{"@id":"https:\/\/www.cusutensili.com\/de\/#website"},"primaryImageOfPage":{"@id":"https:\/\/www.cusutensili.com\/de\/prodotto\/wendeschneidplatten\/#primaryimage"},"image":{"@id":"https:\/\/www.cusutensili.com\/de\/prodotto\/wendeschneidplatten\/#primaryimage"},"thumbnailUrl":"https:\/\/www.cusutensili.com\/wordpress\/wp-content\/uploads\/2020\/01\/inserti-sagomati.jpg","datePublished":"2020-04-25T09:40:43+00:00","dateModified":"2021-02-25T15:20:02+00:00","breadcrumb":{"@id":"https:\/\/www.cusutensili.com\/de\/prodotto\/wendeschneidplatten\/#breadcrumb"},"inLanguage":"de","potentialAction":[{"@type":"ReadAction","target":["https:\/\/www.cusutensili.com\/de\/prodotto\/wendeschneidplatten\/"]}]},{"@type":"ImageObject","inLanguage":"de","@id":"https:\/\/www.cusutensili.com\/de\/prodotto\/wendeschneidplatten\/#primaryimage","url":"https:\/\/www.cusutensili.com\/wordpress\/wp-content\/uploads\/2020\/01\/inserti-sagomati.jpg","contentUrl":"https:\/\/www.cusutensili.com\/wordpress\/wp-content\/uploads\/2020\/01\/inserti-sagomati.jpg","width":1500,"height":2000},{"@type":"BreadcrumbList","@id":"https:\/\/www.cusutensili.com\/de\/prodotto\/wendeschneidplatten\/#breadcrumb","itemListElement":[{"@type":"ListItem","position":1,"name":"Home","item":"https:\/\/www.cusutensili.com\/de\/"},{"@type":"ListItem","position":2,"name":"Prodotti-archivio","item":"https:\/\/www.cusutensili.com\/prodotti-archivio\/"},{"@type":"ListItem","position":3,"name":"WENDESCHNEIDPLATTEN"}]},{"@type":"WebSite","@id":"https:\/\/www.cusutensili.com\/de\/#website","url":"https:\/\/www.cusutensili.com\/de\/","name":"Cusutensili","description":"","publisher":{"@id":"https:\/\/www.cusutensili.com\/de\/#organization"},"potentialAction":[{"@type":"SearchAction","target":{"@type":"EntryPoint","urlTemplate":"https:\/\/www.cusutensili.com\/de\/?s={search_term_string}"},"query-input":{"@type":"PropertyValueSpecification","valueRequired":true,"valueName":"search_term_string"}}],"inLanguage":"de"},{"@type":"Organization","@id":"https:\/\/www.cusutensili.com\/de\/#organization","name":"Cus utensili","url":"https:\/\/www.cusutensili.com\/de\/","logo":{"@type":"ImageObject","inLanguage":"de","@id":"https:\/\/www.cusutensili.com\/de\/#\/schema\/logo\/image\/","url":"https:\/\/www.cusutensili.com\/wordpress\/wp-content\/uploads\/2021\/02\/CUS_Logo_COMPLETO.png","contentUrl":"https:\/\/www.cusutensili.com\/wordpress\/wp-content\/uploads\/2021\/02\/CUS_Logo_COMPLETO.png","width":435,"height":177,"caption":"Cus utensili"},"image":{"@id":"https:\/\/www.cusutensili.com\/de\/#\/schema\/logo\/image\/"}}]}},"_links":{"self":[{"href":"https:\/\/www.cusutensili.com\/de\/wp-json\/wp\/v2\/product\/2755","targetHints":{"allow":["GET"]}}],"collection":[{"href":"https:\/\/www.cusutensili.com\/de\/wp-json\/wp\/v2\/product"}],"about":[{"href":"https:\/\/www.cusutensili.com\/de\/wp-json\/wp\/v2\/types\/product"}],"replies":[{"embeddable":true,"href":"https:\/\/www.cusutensili.com\/de\/wp-json\/wp\/v2\/comments?post=2755"}],"wp:featuredmedia":[{"embeddable":true,"href":"https:\/\/www.cusutensili.com\/de\/wp-json\/wp\/v2\/media\/811"}],"wp:attachment":[{"href":"https:\/\/www.cusutensili.com\/de\/wp-json\/wp\/v2\/media?parent=2755"}],"wp:term":[{"taxonomy":"product_brand","embeddable":true,"href":"https:\/\/www.cusutensili.com\/de\/wp-json\/wp\/v2\/product_brand?post=2755"},{"taxonomy":"product_cat","embeddable":true,"href":"https:\/\/www.cusutensili.com\/de\/wp-json\/wp\/v2\/product_cat?post=2755"},{"taxonomy":"product_tag","embeddable":true,"href":"https:\/\/www.cusutensili.com\/de\/wp-json\/wp\/v2\/product_tag?post=2755"}],"curies":[{"name":"wp","href":"https:\/\/api.w.org\/{rel}","templated":true}]}}