{"id":2740,"date":"2020-02-27T16:49:22","date_gmt":"2020-02-27T16:49:22","guid":{"rendered":"http:\/\/cusutensili.com\/wordpress\/affilatura-rivestimento\/"},"modified":"2020-04-23T10:59:09","modified_gmt":"2020-04-23T10:59:09","slug":"affilatura-rivestimento","status":"publish","type":"page","link":"https:\/\/www.cusutensili.com\/de\/affilatura-rivestimento\/","title":{"rendered":"Nachschleifen und beschichten"},"content":{"rendered":"<p>[vc_row][vc_column][vc_column_text]<\/p>\r\n<div class=\"wp-block-spacer\" style=\"height: 100px;\" aria-hidden=\"true\">\u00a0<\/div>\r\n\r\n<p>&nbsp;<\/p>\r\n\r\n<div class=\"wp-block-columns is-layout-flex wp-container-core-columns-is-layout-9d6595d7 wp-block-columns-is-layout-flex\">\r\n<div class=\"wp-block-column is-layout-flow wp-block-column-is-layout-flow\" style=\"flex-basis: 50%;\">\r\n<figure class=\"wp-block-image size-large\"><img loading=\"lazy\" decoding=\"async\" width=\"768\" height=\"1024\" class=\"wp-image-2110\" src=\"http:\/\/cusutensili.com\/wordpress\/wp-content\/uploads\/2020\/04\/AFFILATURA-CNC-768x1024.jpg\" alt=\"\" srcset=\"https:\/\/www.cusutensili.com\/wordpress\/wp-content\/uploads\/2020\/04\/AFFILATURA-CNC-768x1024.jpg 768w, https:\/\/www.cusutensili.com\/wordpress\/wp-content\/uploads\/2020\/04\/AFFILATURA-CNC-225x300.jpg 225w, https:\/\/www.cusutensili.com\/wordpress\/wp-content\/uploads\/2020\/04\/AFFILATURA-CNC-1152x1536.jpg 1152w, https:\/\/www.cusutensili.com\/wordpress\/wp-content\/uploads\/2020\/04\/AFFILATURA-CNC-680x907.jpg 680w, https:\/\/www.cusutensili.com\/wordpress\/wp-content\/uploads\/2020\/04\/AFFILATURA-CNC-600x800.jpg 600w, https:\/\/www.cusutensili.com\/wordpress\/wp-content\/uploads\/2020\/04\/AFFILATURA-CNC.jpg 1500w\" sizes=\"auto, (max-width: 768px) 100vw, 768px\" \/><\/figure>\r\n<p><\/p>\r\n<\/div>\r\n\r\n\r\n\r\n<div class=\"wp-block-column is-layout-flow wp-block-column-is-layout-flow\" style=\"flex-basis: 50%;\">\r\n<h3 class=\"wp-block-heading\">Nachschleifen und beschichten<\/h3>\r\n\r\n<p>Cus utensili bietet ein schnell und flexibel Nachschleifen und Beschichten Service.<br \/>Das Ziel unserer Aufbereitungsexperten ist das Werkzeugleben auch anderer Hersteller s\u00e4mtlicher Bohr-, Fr\u00e4s-, Gewinde-, Reib- und Senkwerkzeuge verl\u00e4ngern.<br \/>Mit langj\u00e4hriger Erfahrung und professionellem Know-how acht unser Team auf den geringstm\u00f6glichen Materialabtrag und h\u00f6chste Schleifqualit\u00e4t.<br \/>Auf Wunsch erhalten Sie auch Vorschl\u00e4ge, um eine optimale Haltbarkeit der Beschichtung und h\u00f6chste Funktionalit\u00e4t zu w\u00e4hrleisten.<\/p>\r\n<p><strong>Alles was wir nachschleifen k\u00f6nnen:<\/strong><\/p>\r\n<ul>\r\n<li>VHM Sonderwerkzeuge<\/li>\r\n<li>HSS Sonderwerkzeuge<\/li>\r\n<li>best\u00fcckte Sonderwerkzeuge<\/li>\r\n<li>gel\u00f6tete Sonderwerkzeuge<\/li>\r\n<li>VHM Reibahlen\u00a0<\/li>\r\n<li>VHM Senker<\/li>\r\n<li>VHM Schaftfr\u00e4ser<\/li>\r\n<li>VHM torische Fr\u00e4ser\u00a0<\/li>\r\n<li>VHM Kugelfr\u00e4ser<\/li>\r\n<li>VHM Scheibenfr\u00e4ser\u00a0<\/li>\r\n<li>Z3 Scheibenfr\u00e4ser<\/li>\r\n<li>VHM Bohrer<\/li>\r\n<li>W\u00e4lzfr\u00e4ser<\/li>\r\n<li>Gewinde<\/li>\r\n<li>Kreiss\u00e4ge<\/li>\r\n<li>industrielle Schneide<\/li>\r\n<li>VHM Platten<\/li>\r\n<\/ul>\r\n<p><strong>Ihre Vorteile:<\/strong><\/p>\r\n\r\n\r\n\r\n<ul class=\"wp-block-list\">\r\n<li>Wiederherstellung der Original-Geometrie.<\/li>\r\n<li>Reduzierung der Werkzeugskosten.<\/li>\r\n<li>Reduzierung der Fertigungskosten.<\/li>\r\n<li>Reduzierung der Lagerbest\u00e4nde dank der P\u00fcnktlichkeit des Dienstes.<\/li>\r\n<li>Transparente Preise.<\/li>\r\n<\/ul>\r\n\r\n<p><strong>Liefertermine<br \/><\/strong>15 Tage vom Eingang der Werkzeuge in der Fertigungsabteilung von Cus Utensili.<\/p>\r\n\r\n<p><strong><a href=\"http:\/\/cusutensili.com\/wordpress\/contatti\/?lang=de\">Schreiben Sie uns, um mehr Information zu haben!<\/a><\/strong><\/p>\r\n<p><\/p>\r\n<\/div>\r\n<p><\/p>\r\n<\/div>\r\n\r\n<p>&nbsp;<\/p>\r\n<p>[\/vc_column_text][\/vc_column][\/vc_row]<\/p>","protected":false},"excerpt":{"rendered":"<p>[vc_row][vc_column][vc_column_text] &nbsp; Nachschleifen und beschichten Cus utensili bietet ein schnell und flexibel Nachschleifen und Beschichten Service.Das Ziel unserer Aufbereitungsexperten ist das Werkzeugleben auch anderer Hersteller s\u00e4mtlicher Bohr-, Fr\u00e4s-, Gewinde-, Reib- und Senkwerkzeuge verl\u00e4ngern.Mit langj\u00e4hriger Erfahrung und professionellem Know-how acht unser Team auf den geringstm\u00f6glichen Materialabtrag und h\u00f6chste Schleifqualit\u00e4t.Auf Wunsch erhalten Sie auch Vorschl\u00e4ge, um eine&#8230;<\/p>\n","protected":false},"author":1,"featured_media":2055,"parent":0,"menu_order":0,"comment_status":"closed","ping_status":"closed","template":"visual-composer.php","meta":{"_acf_changed":false,"footnotes":""},"class_list":["post-2740","page","type-page","status-publish","has-post-thumbnail","hentry"],"acf":[],"yoast_head":"<!-- This site is optimized with the Yoast SEO plugin v27.2 - https:\/\/yoast.com\/product\/yoast-seo-wordpress\/ -->\n<title>Nachschleifen und beschichten - Cusutensili<\/title>\n<meta name=\"robots\" content=\"index, follow, max-snippet:-1, max-image-preview:large, max-video-preview:-1\" \/>\n<link rel=\"canonical\" href=\"https:\/\/www.cusutensili.com\/de\/affilatura-rivestimento\/\" \/>\n<meta property=\"og:locale\" content=\"de_DE\" \/>\n<meta property=\"og:type\" content=\"article\" \/>\n<meta property=\"og:title\" content=\"Nachschleifen und beschichten - Cusutensili\" \/>\n<meta property=\"og:description\" content=\"[vc_row][vc_column][vc_column_text] &nbsp; Nachschleifen und beschichten Cus utensili bietet ein schnell und flexibel Nachschleifen und Beschichten Service.Das Ziel unserer Aufbereitungsexperten ist das Werkzeugleben auch anderer Hersteller s\u00e4mtlicher Bohr-, Fr\u00e4s-, Gewinde-, Reib- und Senkwerkzeuge verl\u00e4ngern.Mit langj\u00e4hriger Erfahrung und professionellem Know-how acht unser Team auf den geringstm\u00f6glichen Materialabtrag und h\u00f6chste Schleifqualit\u00e4t.Auf Wunsch erhalten Sie auch Vorschl\u00e4ge, um eine...\" \/>\n<meta property=\"og:url\" content=\"https:\/\/www.cusutensili.com\/de\/affilatura-rivestimento\/\" \/>\n<meta property=\"og:site_name\" content=\"Cusutensili\" \/>\n<meta property=\"article:modified_time\" content=\"2020-04-23T10:59:09+00:00\" \/>\n<meta property=\"og:image\" content=\"https:\/\/www.cusutensili.com\/wordpress\/wp-content\/uploads\/2019\/07\/AFFILATURA-CNC.jpg\" \/>\n\t<meta property=\"og:image:width\" content=\"1500\" \/>\n\t<meta property=\"og:image:height\" content=\"2000\" \/>\n\t<meta property=\"og:image:type\" content=\"image\/jpeg\" \/>\n<meta name=\"twitter:card\" content=\"summary_large_image\" \/>\n<meta name=\"twitter:label1\" content=\"Gesch\u00e4tzte Lesezeit\" \/>\n\t<meta name=\"twitter:data1\" content=\"1\u00a0Minute\" \/>\n<script type=\"application\/ld+json\" class=\"yoast-schema-graph\">{\"@context\":\"https:\/\/schema.org\",\"@graph\":[{\"@type\":\"WebPage\",\"@id\":\"https:\/\/www.cusutensili.com\/de\/affilatura-rivestimento\/\",\"url\":\"https:\/\/www.cusutensili.com\/de\/affilatura-rivestimento\/\",\"name\":\"Nachschleifen und beschichten - Cusutensili\",\"isPartOf\":{\"@id\":\"https:\/\/www.cusutensili.com\/de\/#website\"},\"primaryImageOfPage\":{\"@id\":\"https:\/\/www.cusutensili.com\/de\/affilatura-rivestimento\/#primaryimage\"},\"image\":{\"@id\":\"https:\/\/www.cusutensili.com\/de\/affilatura-rivestimento\/#primaryimage\"},\"thumbnailUrl\":\"https:\/\/www.cusutensili.com\/wordpress\/wp-content\/uploads\/2019\/07\/AFFILATURA-CNC.jpg\",\"datePublished\":\"2020-02-27T16:49:22+00:00\",\"dateModified\":\"2020-04-23T10:59:09+00:00\",\"breadcrumb\":{\"@id\":\"https:\/\/www.cusutensili.com\/de\/affilatura-rivestimento\/#breadcrumb\"},\"inLanguage\":\"de\",\"potentialAction\":[{\"@type\":\"ReadAction\",\"target\":[\"https:\/\/www.cusutensili.com\/de\/affilatura-rivestimento\/\"]}]},{\"@type\":\"ImageObject\",\"inLanguage\":\"de\",\"@id\":\"https:\/\/www.cusutensili.com\/de\/affilatura-rivestimento\/#primaryimage\",\"url\":\"https:\/\/www.cusutensili.com\/wordpress\/wp-content\/uploads\/2019\/07\/AFFILATURA-CNC.jpg\",\"contentUrl\":\"https:\/\/www.cusutensili.com\/wordpress\/wp-content\/uploads\/2019\/07\/AFFILATURA-CNC.jpg\",\"width\":1500,\"height\":2000,\"caption\":\"WALTER HELITRONIC\"},{\"@type\":\"BreadcrumbList\",\"@id\":\"https:\/\/www.cusutensili.com\/de\/affilatura-rivestimento\/#breadcrumb\",\"itemListElement\":[{\"@type\":\"ListItem\",\"position\":1,\"name\":\"Home\",\"item\":\"https:\/\/www.cusutensili.com\/de\/\"},{\"@type\":\"ListItem\",\"position\":2,\"name\":\"Nachschleifen und beschichten\"}]},{\"@type\":\"WebSite\",\"@id\":\"https:\/\/www.cusutensili.com\/de\/#website\",\"url\":\"https:\/\/www.cusutensili.com\/de\/\",\"name\":\"Cusutensili\",\"description\":\"\",\"publisher\":{\"@id\":\"https:\/\/www.cusutensili.com\/de\/#organization\"},\"potentialAction\":[{\"@type\":\"SearchAction\",\"target\":{\"@type\":\"EntryPoint\",\"urlTemplate\":\"https:\/\/www.cusutensili.com\/de\/?s={search_term_string}\"},\"query-input\":{\"@type\":\"PropertyValueSpecification\",\"valueRequired\":true,\"valueName\":\"search_term_string\"}}],\"inLanguage\":\"de\"},{\"@type\":\"Organization\",\"@id\":\"https:\/\/www.cusutensili.com\/de\/#organization\",\"name\":\"Cus utensili\",\"url\":\"https:\/\/www.cusutensili.com\/de\/\",\"logo\":{\"@type\":\"ImageObject\",\"inLanguage\":\"de\",\"@id\":\"https:\/\/www.cusutensili.com\/de\/#\/schema\/logo\/image\/\",\"url\":\"https:\/\/www.cusutensili.com\/wordpress\/wp-content\/uploads\/2021\/02\/CUS_Logo_COMPLETO.png\",\"contentUrl\":\"https:\/\/www.cusutensili.com\/wordpress\/wp-content\/uploads\/2021\/02\/CUS_Logo_COMPLETO.png\",\"width\":435,\"height\":177,\"caption\":\"Cus utensili\"},\"image\":{\"@id\":\"https:\/\/www.cusutensili.com\/de\/#\/schema\/logo\/image\/\"}}]}<\/script>\n<!-- \/ Yoast SEO plugin. -->","yoast_head_json":{"title":"Nachschleifen und beschichten - Cusutensili","robots":{"index":"index","follow":"follow","max-snippet":"max-snippet:-1","max-image-preview":"max-image-preview:large","max-video-preview":"max-video-preview:-1"},"canonical":"https:\/\/www.cusutensili.com\/de\/affilatura-rivestimento\/","og_locale":"de_DE","og_type":"article","og_title":"Nachschleifen und beschichten - Cusutensili","og_description":"[vc_row][vc_column][vc_column_text] &nbsp; Nachschleifen und beschichten Cus utensili bietet ein schnell und flexibel Nachschleifen und Beschichten Service.Das Ziel unserer Aufbereitungsexperten ist das Werkzeugleben auch anderer Hersteller s\u00e4mtlicher Bohr-, Fr\u00e4s-, Gewinde-, Reib- und Senkwerkzeuge verl\u00e4ngern.Mit langj\u00e4hriger Erfahrung und professionellem Know-how acht unser Team auf den geringstm\u00f6glichen Materialabtrag und h\u00f6chste Schleifqualit\u00e4t.Auf Wunsch erhalten Sie auch Vorschl\u00e4ge, um eine...","og_url":"https:\/\/www.cusutensili.com\/de\/affilatura-rivestimento\/","og_site_name":"Cusutensili","article_modified_time":"2020-04-23T10:59:09+00:00","og_image":[{"width":1500,"height":2000,"url":"https:\/\/www.cusutensili.com\/wordpress\/wp-content\/uploads\/2019\/07\/AFFILATURA-CNC.jpg","type":"image\/jpeg"}],"twitter_card":"summary_large_image","twitter_misc":{"Gesch\u00e4tzte Lesezeit":"1\u00a0Minute"},"schema":{"@context":"https:\/\/schema.org","@graph":[{"@type":"WebPage","@id":"https:\/\/www.cusutensili.com\/de\/affilatura-rivestimento\/","url":"https:\/\/www.cusutensili.com\/de\/affilatura-rivestimento\/","name":"Nachschleifen und beschichten - Cusutensili","isPartOf":{"@id":"https:\/\/www.cusutensili.com\/de\/#website"},"primaryImageOfPage":{"@id":"https:\/\/www.cusutensili.com\/de\/affilatura-rivestimento\/#primaryimage"},"image":{"@id":"https:\/\/www.cusutensili.com\/de\/affilatura-rivestimento\/#primaryimage"},"thumbnailUrl":"https:\/\/www.cusutensili.com\/wordpress\/wp-content\/uploads\/2019\/07\/AFFILATURA-CNC.jpg","datePublished":"2020-02-27T16:49:22+00:00","dateModified":"2020-04-23T10:59:09+00:00","breadcrumb":{"@id":"https:\/\/www.cusutensili.com\/de\/affilatura-rivestimento\/#breadcrumb"},"inLanguage":"de","potentialAction":[{"@type":"ReadAction","target":["https:\/\/www.cusutensili.com\/de\/affilatura-rivestimento\/"]}]},{"@type":"ImageObject","inLanguage":"de","@id":"https:\/\/www.cusutensili.com\/de\/affilatura-rivestimento\/#primaryimage","url":"https:\/\/www.cusutensili.com\/wordpress\/wp-content\/uploads\/2019\/07\/AFFILATURA-CNC.jpg","contentUrl":"https:\/\/www.cusutensili.com\/wordpress\/wp-content\/uploads\/2019\/07\/AFFILATURA-CNC.jpg","width":1500,"height":2000,"caption":"WALTER HELITRONIC"},{"@type":"BreadcrumbList","@id":"https:\/\/www.cusutensili.com\/de\/affilatura-rivestimento\/#breadcrumb","itemListElement":[{"@type":"ListItem","position":1,"name":"Home","item":"https:\/\/www.cusutensili.com\/de\/"},{"@type":"ListItem","position":2,"name":"Nachschleifen und beschichten"}]},{"@type":"WebSite","@id":"https:\/\/www.cusutensili.com\/de\/#website","url":"https:\/\/www.cusutensili.com\/de\/","name":"Cusutensili","description":"","publisher":{"@id":"https:\/\/www.cusutensili.com\/de\/#organization"},"potentialAction":[{"@type":"SearchAction","target":{"@type":"EntryPoint","urlTemplate":"https:\/\/www.cusutensili.com\/de\/?s={search_term_string}"},"query-input":{"@type":"PropertyValueSpecification","valueRequired":true,"valueName":"search_term_string"}}],"inLanguage":"de"},{"@type":"Organization","@id":"https:\/\/www.cusutensili.com\/de\/#organization","name":"Cus utensili","url":"https:\/\/www.cusutensili.com\/de\/","logo":{"@type":"ImageObject","inLanguage":"de","@id":"https:\/\/www.cusutensili.com\/de\/#\/schema\/logo\/image\/","url":"https:\/\/www.cusutensili.com\/wordpress\/wp-content\/uploads\/2021\/02\/CUS_Logo_COMPLETO.png","contentUrl":"https:\/\/www.cusutensili.com\/wordpress\/wp-content\/uploads\/2021\/02\/CUS_Logo_COMPLETO.png","width":435,"height":177,"caption":"Cus utensili"},"image":{"@id":"https:\/\/www.cusutensili.com\/de\/#\/schema\/logo\/image\/"}}]}},"_links":{"self":[{"href":"https:\/\/www.cusutensili.com\/de\/wp-json\/wp\/v2\/pages\/2740","targetHints":{"allow":["GET"]}}],"collection":[{"href":"https:\/\/www.cusutensili.com\/de\/wp-json\/wp\/v2\/pages"}],"about":[{"href":"https:\/\/www.cusutensili.com\/de\/wp-json\/wp\/v2\/types\/page"}],"author":[{"embeddable":true,"href":"https:\/\/www.cusutensili.com\/de\/wp-json\/wp\/v2\/users\/1"}],"replies":[{"embeddable":true,"href":"https:\/\/www.cusutensili.com\/de\/wp-json\/wp\/v2\/comments?post=2740"}],"version-history":[{"count":0,"href":"https:\/\/www.cusutensili.com\/de\/wp-json\/wp\/v2\/pages\/2740\/revisions"}],"wp:featuredmedia":[{"embeddable":true,"href":"https:\/\/www.cusutensili.com\/de\/wp-json\/wp\/v2\/media\/2055"}],"wp:attachment":[{"href":"https:\/\/www.cusutensili.com\/de\/wp-json\/wp\/v2\/media?parent=2740"}],"curies":[{"name":"wp","href":"https:\/\/api.w.org\/{rel}","templated":true}]}}