{"id":2702,"date":"2020-02-25T19:50:50","date_gmt":"2020-02-25T19:50:50","guid":{"rendered":"http:\/\/cusutensili.com\/wordpress\/attrezzature\/"},"modified":"2021-03-18T10:55:18","modified_gmt":"2021-03-18T09:55:18","slug":"ausruestung","status":"publish","type":"page","link":"https:\/\/www.cusutensili.com\/de\/ausruestung\/","title":{"rendered":"CNC Ausr\u00fcstung"},"content":{"rendered":"<p>[vc_row][vc_column][vc_column_text]<span lang=\"DE\">Wir konstruieren und fertigen Greifsysteme und Zubeh\u00f6r f\u00fcr CNC Werkzeugmaschine<\/span><span lang=\"DE\">n<\/span><span lang=\"DE\">.<br \/>\n<\/span><span lang=\"DE\">Wir sind jederzeit in der Lage,\u00a0<\/span><span lang=\"DE\">Greifsysteml\u00f6sungen\u00a0<\/span><span lang=\"DE\">f\u00fcr alle denkbaren<\/span><span lang=\"DE\">\u00a0mechanischen Anwendungen zu entwickeln<b>.<\/b><\/span>[\/vc_column_text][\/vc_column][\/vc_row][vc_row][vc_column width=&#8220;1\/4&#8243;]<div class=\"woocommerce \"><div class=\"wrap-content universal_mas_container text-center\"><article class=\"universal_mas_item post-2767 product type-product status-publish has-post-thumbnail product_cat-ausruestung first instock taxable shipping-taxable product-type-simple\">\n\n        <div class=\"shop-item\">\n            <div class=\"badge pricing\">\n<\/div>\n            <div class=\"badge pricing sale\">Sale<\/div>\n            <div class=\"badge pricing featured\">Trend<\/div>\n                        <a href=\"https:\/\/www.cusutensili.com\/de\/prodotto\/spannbacken\/\">\n                <img loading=\"lazy\" decoding=\"async\" width=\"690\" height=\"810\" src=\"https:\/\/www.cusutensili.com\/wordpress\/wp-content\/uploads\/2019\/12\/MORSETTO-SPECIALE-690x810.jpg\" class=\"attachment-universal_shop_main size-universal_shop_main wp-post-image\" alt=\"MORSETTI PER AUTOBLOCK\" srcset=\"https:\/\/www.cusutensili.com\/wordpress\/wp-content\/uploads\/2019\/12\/MORSETTO-SPECIALE-690x810.jpg 690w, https:\/\/www.cusutensili.com\/wordpress\/wp-content\/uploads\/2019\/12\/MORSETTO-SPECIALE-104x122.jpg 104w\" sizes=\"auto, (max-width: 690px) 100vw, 690px\" \/>            <\/a>\n        <\/div>\n        <a href=\"https:\/\/www.cusutensili.com\/de\/prodotto\/spannbacken\/\">\n              <h5>SPANNBACKEN<\/h5>\n        <\/a>\n\n<\/article><\/div>\n<\/div>[\/vc_column][vc_column width=&#8220;1\/4&#8243;]<div class=\"woocommerce \"><div class=\"wrap-content universal_mas_container text-center\"><article class=\"universal_mas_item post-2770 product type-product status-publish has-post-thumbnail product_cat-ausruestung first instock taxable shipping-taxable product-type-simple\">\n\n        <div class=\"shop-item\">\n            <div class=\"badge pricing\">\n<\/div>\n            <div class=\"badge pricing sale\">Sale<\/div>\n            <div class=\"badge pricing featured\">Trend<\/div>\n                        <a href=\"https:\/\/www.cusutensili.com\/de\/prodotto\/einsatz-fuer-maschinen\/\">\n                <img loading=\"lazy\" decoding=\"async\" width=\"690\" height=\"810\" src=\"https:\/\/www.cusutensili.com\/wordpress\/wp-content\/uploads\/2019\/12\/PLATORELLO-BISELLATRICE-690x810.jpg\" class=\"attachment-universal_shop_main size-universal_shop_main wp-post-image\" alt=\"MANDRINO AUTOCENTRANTE BISELLATURA\" srcset=\"https:\/\/www.cusutensili.com\/wordpress\/wp-content\/uploads\/2019\/12\/PLATORELLO-BISELLATRICE-690x810.jpg 690w, https:\/\/www.cusutensili.com\/wordpress\/wp-content\/uploads\/2019\/12\/PLATORELLO-BISELLATRICE-104x122.jpg 104w\" sizes=\"auto, (max-width: 690px) 100vw, 690px\" \/>            <\/a>\n        <\/div>\n        <a href=\"https:\/\/www.cusutensili.com\/de\/prodotto\/einsatz-fuer-maschinen\/\">\n              <h5>EINSATZ F\u00dcR MASCHINEN<\/h5>\n        <\/a>\n\n<\/article><\/div>\n<\/div>[\/vc_column][vc_column width=&#8220;1\/4&#8243;][\/vc_column][vc_column width=&#8220;1\/4&#8243;][\/vc_column][\/vc_row]<\/p>\n","protected":false},"excerpt":{"rendered":"<p>[vc_row][vc_column][vc_column_text]Wir konstruieren und fertigen Greifsysteme und Zubeh\u00f6r f\u00fcr CNC Werkzeugmaschinen. Wir sind jederzeit in der Lage,\u00a0Greifsysteml\u00f6sungen\u00a0f\u00fcr alle denkbaren\u00a0mechanischen Anwendungen zu entwickeln.[\/vc_column_text][\/vc_column][\/vc_row][vc_row][vc_column width=&#8220;1\/4&#8243;][\/vc_column][vc_column width=&#8220;1\/4&#8243;][\/vc_column][vc_column width=&#8220;1\/4&#8243;][\/vc_column][vc_column width=&#8220;1\/4&#8243;][\/vc_column][\/vc_row]<\/p>\n","protected":false},"author":1,"featured_media":0,"parent":0,"menu_order":0,"comment_status":"closed","ping_status":"closed","template":"visual-composer.php","meta":{"_acf_changed":false,"footnotes":""},"class_list":["post-2702","page","type-page","status-publish","hentry"],"acf":[],"yoast_head":"<!-- This site is optimized with the Yoast SEO plugin v27.2 - https:\/\/yoast.com\/product\/yoast-seo-wordpress\/ -->\n<title>CNC Ausr\u00fcstung - Cusutensili<\/title>\n<meta name=\"description\" content=\"Wir konstruieren und fertigen Greifsysteme und Zubeh\u00f6r f\u00fcr CNC Werkzeugmaschine. Wir sind f\u00e4hig Greifsysteml\u00f6sungen aller mechanischen Anwendungen zu entwickeln.\" \/>\n<meta name=\"robots\" content=\"index, follow, max-snippet:-1, max-image-preview:large, max-video-preview:-1\" \/>\n<link rel=\"canonical\" href=\"https:\/\/www.cusutensili.com\/de\/ausruestung\/\" \/>\n<meta property=\"og:locale\" content=\"de_DE\" \/>\n<meta property=\"og:type\" content=\"article\" \/>\n<meta property=\"og:title\" content=\"CNC Ausr\u00fcstung - Cusutensili\" \/>\n<meta property=\"og:description\" content=\"Wir konstruieren und fertigen Greifsysteme und Zubeh\u00f6r f\u00fcr CNC Werkzeugmaschine. Wir sind f\u00e4hig Greifsysteml\u00f6sungen aller mechanischen Anwendungen zu entwickeln.\" \/>\n<meta property=\"og:url\" content=\"https:\/\/www.cusutensili.com\/de\/ausruestung\/\" \/>\n<meta property=\"og:site_name\" content=\"Cusutensili\" \/>\n<meta property=\"article:modified_time\" content=\"2021-03-18T09:55:18+00:00\" \/>\n<meta name=\"twitter:card\" content=\"summary_large_image\" \/>\n<script type=\"application\/ld+json\" class=\"yoast-schema-graph\">{\"@context\":\"https:\/\/schema.org\",\"@graph\":[{\"@type\":\"WebPage\",\"@id\":\"https:\/\/www.cusutensili.com\/de\/ausruestung\/\",\"url\":\"https:\/\/www.cusutensili.com\/de\/ausruestung\/\",\"name\":\"CNC Ausr\u00fcstung - Cusutensili\",\"isPartOf\":{\"@id\":\"https:\/\/www.cusutensili.com\/de\/#website\"},\"datePublished\":\"2020-02-25T19:50:50+00:00\",\"dateModified\":\"2021-03-18T09:55:18+00:00\",\"description\":\"Wir konstruieren und fertigen Greifsysteme und Zubeh\u00f6r f\u00fcr CNC Werkzeugmaschine. Wir sind f\u00e4hig Greifsysteml\u00f6sungen aller mechanischen Anwendungen zu entwickeln.\",\"breadcrumb\":{\"@id\":\"https:\/\/www.cusutensili.com\/de\/ausruestung\/#breadcrumb\"},\"inLanguage\":\"de\",\"potentialAction\":[{\"@type\":\"ReadAction\",\"target\":[\"https:\/\/www.cusutensili.com\/de\/ausruestung\/\"]}]},{\"@type\":\"BreadcrumbList\",\"@id\":\"https:\/\/www.cusutensili.com\/de\/ausruestung\/#breadcrumb\",\"itemListElement\":[{\"@type\":\"ListItem\",\"position\":1,\"name\":\"Home\",\"item\":\"https:\/\/www.cusutensili.com\/de\/\"},{\"@type\":\"ListItem\",\"position\":2,\"name\":\"CNC Ausr\u00fcstung\"}]},{\"@type\":\"WebSite\",\"@id\":\"https:\/\/www.cusutensili.com\/de\/#website\",\"url\":\"https:\/\/www.cusutensili.com\/de\/\",\"name\":\"Cusutensili\",\"description\":\"\",\"publisher\":{\"@id\":\"https:\/\/www.cusutensili.com\/de\/#organization\"},\"potentialAction\":[{\"@type\":\"SearchAction\",\"target\":{\"@type\":\"EntryPoint\",\"urlTemplate\":\"https:\/\/www.cusutensili.com\/de\/?s={search_term_string}\"},\"query-input\":{\"@type\":\"PropertyValueSpecification\",\"valueRequired\":true,\"valueName\":\"search_term_string\"}}],\"inLanguage\":\"de\"},{\"@type\":\"Organization\",\"@id\":\"https:\/\/www.cusutensili.com\/de\/#organization\",\"name\":\"Cus utensili\",\"url\":\"https:\/\/www.cusutensili.com\/de\/\",\"logo\":{\"@type\":\"ImageObject\",\"inLanguage\":\"de\",\"@id\":\"https:\/\/www.cusutensili.com\/de\/#\/schema\/logo\/image\/\",\"url\":\"https:\/\/www.cusutensili.com\/wordpress\/wp-content\/uploads\/2021\/02\/CUS_Logo_COMPLETO.png\",\"contentUrl\":\"https:\/\/www.cusutensili.com\/wordpress\/wp-content\/uploads\/2021\/02\/CUS_Logo_COMPLETO.png\",\"width\":435,\"height\":177,\"caption\":\"Cus utensili\"},\"image\":{\"@id\":\"https:\/\/www.cusutensili.com\/de\/#\/schema\/logo\/image\/\"}}]}<\/script>\n<!-- \/ Yoast SEO plugin. -->","yoast_head_json":{"title":"CNC Ausr\u00fcstung - Cusutensili","description":"Wir konstruieren und fertigen Greifsysteme und Zubeh\u00f6r f\u00fcr CNC Werkzeugmaschine. Wir sind f\u00e4hig Greifsysteml\u00f6sungen aller mechanischen Anwendungen zu entwickeln.","robots":{"index":"index","follow":"follow","max-snippet":"max-snippet:-1","max-image-preview":"max-image-preview:large","max-video-preview":"max-video-preview:-1"},"canonical":"https:\/\/www.cusutensili.com\/de\/ausruestung\/","og_locale":"de_DE","og_type":"article","og_title":"CNC Ausr\u00fcstung - Cusutensili","og_description":"Wir konstruieren und fertigen Greifsysteme und Zubeh\u00f6r f\u00fcr CNC Werkzeugmaschine. Wir sind f\u00e4hig Greifsysteml\u00f6sungen aller mechanischen Anwendungen zu entwickeln.","og_url":"https:\/\/www.cusutensili.com\/de\/ausruestung\/","og_site_name":"Cusutensili","article_modified_time":"2021-03-18T09:55:18+00:00","twitter_card":"summary_large_image","schema":{"@context":"https:\/\/schema.org","@graph":[{"@type":"WebPage","@id":"https:\/\/www.cusutensili.com\/de\/ausruestung\/","url":"https:\/\/www.cusutensili.com\/de\/ausruestung\/","name":"CNC Ausr\u00fcstung - Cusutensili","isPartOf":{"@id":"https:\/\/www.cusutensili.com\/de\/#website"},"datePublished":"2020-02-25T19:50:50+00:00","dateModified":"2021-03-18T09:55:18+00:00","description":"Wir konstruieren und fertigen Greifsysteme und Zubeh\u00f6r f\u00fcr CNC Werkzeugmaschine. Wir sind f\u00e4hig Greifsysteml\u00f6sungen aller mechanischen Anwendungen zu entwickeln.","breadcrumb":{"@id":"https:\/\/www.cusutensili.com\/de\/ausruestung\/#breadcrumb"},"inLanguage":"de","potentialAction":[{"@type":"ReadAction","target":["https:\/\/www.cusutensili.com\/de\/ausruestung\/"]}]},{"@type":"BreadcrumbList","@id":"https:\/\/www.cusutensili.com\/de\/ausruestung\/#breadcrumb","itemListElement":[{"@type":"ListItem","position":1,"name":"Home","item":"https:\/\/www.cusutensili.com\/de\/"},{"@type":"ListItem","position":2,"name":"CNC Ausr\u00fcstung"}]},{"@type":"WebSite","@id":"https:\/\/www.cusutensili.com\/de\/#website","url":"https:\/\/www.cusutensili.com\/de\/","name":"Cusutensili","description":"","publisher":{"@id":"https:\/\/www.cusutensili.com\/de\/#organization"},"potentialAction":[{"@type":"SearchAction","target":{"@type":"EntryPoint","urlTemplate":"https:\/\/www.cusutensili.com\/de\/?s={search_term_string}"},"query-input":{"@type":"PropertyValueSpecification","valueRequired":true,"valueName":"search_term_string"}}],"inLanguage":"de"},{"@type":"Organization","@id":"https:\/\/www.cusutensili.com\/de\/#organization","name":"Cus utensili","url":"https:\/\/www.cusutensili.com\/de\/","logo":{"@type":"ImageObject","inLanguage":"de","@id":"https:\/\/www.cusutensili.com\/de\/#\/schema\/logo\/image\/","url":"https:\/\/www.cusutensili.com\/wordpress\/wp-content\/uploads\/2021\/02\/CUS_Logo_COMPLETO.png","contentUrl":"https:\/\/www.cusutensili.com\/wordpress\/wp-content\/uploads\/2021\/02\/CUS_Logo_COMPLETO.png","width":435,"height":177,"caption":"Cus utensili"},"image":{"@id":"https:\/\/www.cusutensili.com\/de\/#\/schema\/logo\/image\/"}}]}},"_links":{"self":[{"href":"https:\/\/www.cusutensili.com\/de\/wp-json\/wp\/v2\/pages\/2702","targetHints":{"allow":["GET"]}}],"collection":[{"href":"https:\/\/www.cusutensili.com\/de\/wp-json\/wp\/v2\/pages"}],"about":[{"href":"https:\/\/www.cusutensili.com\/de\/wp-json\/wp\/v2\/types\/page"}],"author":[{"embeddable":true,"href":"https:\/\/www.cusutensili.com\/de\/wp-json\/wp\/v2\/users\/1"}],"replies":[{"embeddable":true,"href":"https:\/\/www.cusutensili.com\/de\/wp-json\/wp\/v2\/comments?post=2702"}],"version-history":[{"count":0,"href":"https:\/\/www.cusutensili.com\/de\/wp-json\/wp\/v2\/pages\/2702\/revisions"}],"wp:attachment":[{"href":"https:\/\/www.cusutensili.com\/de\/wp-json\/wp\/v2\/media?parent=2702"}],"curies":[{"name":"wp","href":"https:\/\/api.w.org\/{rel}","templated":true}]}}