{"id":2540,"date":"2020-02-25T19:34:28","date_gmt":"2020-02-25T19:34:28","guid":{"rendered":"http:\/\/cusutensili.com\/wordpress\/tutti-i-prodotti\/"},"modified":"2021-03-18T10:41:15","modified_gmt":"2021-03-18T09:41:15","slug":"produkte","status":"publish","type":"page","link":"https:\/\/www.cusutensili.com\/de\/produkte\/","title":{"rendered":"Produkte"},"content":{"rendered":"<p>[vc_row][vc_column][vc_column_text]<\/p>\n<p style=\"font-weight: 400;\">Seit der Gr\u00fcndung im Jahr 1974 bietet Cus utensili weltweit Komplettl\u00f6sungen in der modernen industriellen Zerspanung.<\/p>\n<p style=\"font-weight: 400;\">#CusSolution ist das Motto der Firma.<\/p>\n<p style=\"font-weight: 400;\">Wir besch\u00e4ftigen uns mit der Zerspanung von Materialien haupts\u00e4chlich im Drehen, Bohren, Ausbohren, Senken und Fr\u00e4sen .<\/p>\n<p style=\"font-weight: 400;\">Im unseren Programm findet man 5 Familiengruppen der Sonderwerkzeugen: WSP Sonderwerkezeuge, VHM und HSS Sonderwerkzeuge, best. Sonderwerkzeuge, Sonderplatten, und PKD Sonderwerkzeuge.<\/p>\n<p style=\"font-weight: 400;\">Die Firma bietet auch Halter und Sonderausr\u00fcstung.<\/p>\n<p>[\/vc_column_text][\/vc_column][\/vc_row][vc_row][vc_column width=&#8220;1\/4&#8243;]<div class=\"woocommerce \"><div class=\"wrap-content universal_mas_container text-center\"><article class=\"universal_mas_item post-2764 product type-product status-publish has-post-thumbnail product_cat-werkzeughalter first instock taxable shipping-taxable product-type-simple\">\n\n        <div class=\"shop-item\">\n            <div class=\"badge pricing\">\n<\/div>\n            <div class=\"badge pricing sale\">Sale<\/div>\n            <div class=\"badge pricing featured\">Trend<\/div>\n                        <a href=\"https:\/\/www.cusutensili.com\/de\/prodotto\/werkzeughalter\/\">\n                <img loading=\"lazy\" decoding=\"async\" width=\"690\" height=\"810\" src=\"https:\/\/www.cusutensili.com\/wordpress\/wp-content\/uploads\/2020\/02\/CAPTO-2-690x810.jpg\" class=\"attachment-universal_shop_main size-universal_shop_main wp-post-image\" alt=\"EMAG CAPTO\" srcset=\"https:\/\/www.cusutensili.com\/wordpress\/wp-content\/uploads\/2020\/02\/CAPTO-2-690x810.jpg 690w, https:\/\/www.cusutensili.com\/wordpress\/wp-content\/uploads\/2020\/02\/CAPTO-2-104x122.jpg 104w\" sizes=\"auto, (max-width: 690px) 100vw, 690px\" \/>            <\/a>\n        <\/div>\n        <a href=\"https:\/\/www.cusutensili.com\/de\/prodotto\/werkzeughalter\/\">\n              <h5>WERKZEUGHALTER<\/h5>\n        <\/a>\n\n<\/article><\/div>\n<\/div><div class=\"woocommerce \"><div class=\"wrap-content universal_mas_container text-center\"><article class=\"universal_mas_item post-2767 product type-product status-publish has-post-thumbnail product_cat-ausruestung first instock taxable shipping-taxable product-type-simple\">\n\n        <div class=\"shop-item\">\n            <div class=\"badge pricing\">\n<\/div>\n            <div class=\"badge pricing sale\">Sale<\/div>\n            <div class=\"badge pricing featured\">Trend<\/div>\n                        <a href=\"https:\/\/www.cusutensili.com\/de\/prodotto\/spannbacken\/\">\n                <img loading=\"lazy\" decoding=\"async\" width=\"690\" height=\"810\" src=\"https:\/\/www.cusutensili.com\/wordpress\/wp-content\/uploads\/2019\/12\/MORSETTO-SPECIALE-690x810.jpg\" class=\"attachment-universal_shop_main size-universal_shop_main wp-post-image\" alt=\"MORSETTI PER AUTOBLOCK\" srcset=\"https:\/\/www.cusutensili.com\/wordpress\/wp-content\/uploads\/2019\/12\/MORSETTO-SPECIALE-690x810.jpg 690w, https:\/\/www.cusutensili.com\/wordpress\/wp-content\/uploads\/2019\/12\/MORSETTO-SPECIALE-104x122.jpg 104w\" sizes=\"auto, (max-width: 690px) 100vw, 690px\" \/>            <\/a>\n        <\/div>\n        <a href=\"https:\/\/www.cusutensili.com\/de\/prodotto\/spannbacken\/\">\n              <h5>SPANNBACKEN<\/h5>\n        <\/a>\n\n<\/article><\/div>\n<\/div>[\/vc_column][vc_column width=&#8220;1\/4&#8243;]<div class=\"woocommerce \"><div class=\"wrap-content universal_mas_container text-center\"><article class=\"universal_mas_item post-2653 product type-product status-publish has-post-thumbnail product_cat-sonderwerkzeuge first instock taxable shipping-taxable product-type-simple\">\n\n        <div class=\"shop-item\">\n            <div class=\"badge pricing\">\n<\/div>\n            <div class=\"badge pricing sale\">Sale<\/div>\n            <div class=\"badge pricing featured\">Trend<\/div>\n                        <a href=\"https:\/\/www.cusutensili.com\/de\/prodotto\/wsp-werkzeuge\/\">\n                <img loading=\"lazy\" decoding=\"async\" width=\"690\" height=\"810\" src=\"https:\/\/www.cusutensili.com\/wordpress\/wp-content\/uploads\/2019\/12\/BARENO-FAMAR-VDI-1-690x810.jpg\" class=\"attachment-universal_shop_main size-universal_shop_main wp-post-image\" alt=\"SPECIAL TURNING TOOLS\" srcset=\"https:\/\/www.cusutensili.com\/wordpress\/wp-content\/uploads\/2019\/12\/BARENO-FAMAR-VDI-1-690x810.jpg 690w, https:\/\/www.cusutensili.com\/wordpress\/wp-content\/uploads\/2019\/12\/BARENO-FAMAR-VDI-1-104x122.jpg 104w\" sizes=\"auto, (max-width: 690px) 100vw, 690px\" \/>            <\/a>\n        <\/div>\n        <a href=\"https:\/\/www.cusutensili.com\/de\/prodotto\/wsp-werkzeuge\/\">\n              <h5>WSP WERKZEUGE<\/h5>\n        <\/a>\n\n<\/article><\/div>\n<\/div><div class=\"woocommerce \"><div class=\"wrap-content universal_mas_container text-center\"><article class=\"universal_mas_item post-2770 product type-product status-publish has-post-thumbnail product_cat-ausruestung first instock taxable shipping-taxable product-type-simple\">\n\n        <div class=\"shop-item\">\n            <div class=\"badge pricing\">\n<\/div>\n            <div class=\"badge pricing sale\">Sale<\/div>\n            <div class=\"badge pricing featured\">Trend<\/div>\n                        <a href=\"https:\/\/www.cusutensili.com\/de\/prodotto\/einsatz-fuer-maschinen\/\">\n                <img loading=\"lazy\" decoding=\"async\" width=\"690\" height=\"810\" src=\"https:\/\/www.cusutensili.com\/wordpress\/wp-content\/uploads\/2019\/12\/PLATORELLO-BISELLATRICE-690x810.jpg\" class=\"attachment-universal_shop_main size-universal_shop_main wp-post-image\" alt=\"MANDRINO AUTOCENTRANTE BISELLATURA\" srcset=\"https:\/\/www.cusutensili.com\/wordpress\/wp-content\/uploads\/2019\/12\/PLATORELLO-BISELLATRICE-690x810.jpg 690w, https:\/\/www.cusutensili.com\/wordpress\/wp-content\/uploads\/2019\/12\/PLATORELLO-BISELLATRICE-104x122.jpg 104w\" sizes=\"auto, (max-width: 690px) 100vw, 690px\" \/>            <\/a>\n        <\/div>\n        <a href=\"https:\/\/www.cusutensili.com\/de\/prodotto\/einsatz-fuer-maschinen\/\">\n              <h5>EINSATZ F\u00dcR MASCHINEN<\/h5>\n        <\/a>\n\n<\/article><\/div>\n<\/div>[\/vc_column][vc_column width=&#8220;1\/4&#8243;]<div class=\"woocommerce \"><div class=\"wrap-content universal_mas_container text-center\"><article class=\"universal_mas_item post-2758 product type-product status-publish has-post-thumbnail product_cat-sonderwerkzeuge first instock taxable shipping-taxable product-type-simple\">\n\n        <div class=\"shop-item\">\n            <div class=\"badge pricing\">\n<\/div>\n            <div class=\"badge pricing sale\">Sale<\/div>\n            <div class=\"badge pricing featured\">Trend<\/div>\n                        <a href=\"https:\/\/www.cusutensili.com\/de\/prodotto\/vhm-werkzeuge\/\">\n                <img loading=\"lazy\" decoding=\"async\" width=\"690\" height=\"810\" src=\"https:\/\/www.cusutensili.com\/wordpress\/wp-content\/uploads\/2019\/12\/FRESA-A-PROFILO-690x810.jpg\" class=\"attachment-universal_shop_main size-universal_shop_main wp-post-image\" alt=\"PUNTA A PROFILO\" srcset=\"https:\/\/www.cusutensili.com\/wordpress\/wp-content\/uploads\/2019\/12\/FRESA-A-PROFILO-690x810.jpg 690w, https:\/\/www.cusutensili.com\/wordpress\/wp-content\/uploads\/2019\/12\/FRESA-A-PROFILO-104x122.jpg 104w\" sizes=\"auto, (max-width: 690px) 100vw, 690px\" \/>            <\/a>\n        <\/div>\n        <a href=\"https:\/\/www.cusutensili.com\/de\/prodotto\/vhm-werkzeuge\/\">\n              <h5>VHM WERKZEUGE<\/h5>\n        <\/a>\n\n<\/article><\/div>\n<\/div><div class=\"woocommerce \"><div class=\"wrap-content universal_mas_container text-center\"><article class=\"universal_mas_item post-2753 product type-product status-publish has-post-thumbnail product_cat-sonderwerkzeuge first instock taxable shipping-taxable product-type-simple\">\n\n        <div class=\"shop-item\">\n            <div class=\"badge pricing\">\n<\/div>\n            <div class=\"badge pricing sale\">Sale<\/div>\n            <div class=\"badge pricing featured\">Trend<\/div>\n                        <a href=\"https:\/\/www.cusutensili.com\/de\/prodotto\/wsp-kurzklemmhalter\/\">\n                <img loading=\"lazy\" decoding=\"async\" width=\"690\" height=\"810\" src=\"https:\/\/www.cusutensili.com\/wordpress\/wp-content\/uploads\/2019\/12\/CARTUCCE-SPECIALI-690x810.jpg\" class=\"attachment-universal_shop_main size-universal_shop_main wp-post-image\" alt=\"KURZKLEMMHALTER\" srcset=\"https:\/\/www.cusutensili.com\/wordpress\/wp-content\/uploads\/2019\/12\/CARTUCCE-SPECIALI-690x810.jpg 690w, https:\/\/www.cusutensili.com\/wordpress\/wp-content\/uploads\/2019\/12\/CARTUCCE-SPECIALI-104x122.jpg 104w\" sizes=\"auto, (max-width: 690px) 100vw, 690px\" \/>            <\/a>\n        <\/div>\n        <a href=\"https:\/\/www.cusutensili.com\/de\/prodotto\/wsp-kurzklemmhalter\/\">\n              <h5>WSP KURZKLEMMHALTER<\/h5>\n        <\/a>\n\n<\/article><\/div>\n<\/div>[\/vc_column][vc_column width=&#8220;1\/4&#8243;]<div class=\"woocommerce \"><div class=\"wrap-content universal_mas_container text-center\"><article class=\"universal_mas_item post-2761 product type-product status-publish has-post-thumbnail product_cat-sonderwerkzeuge first instock taxable shipping-taxable product-type-simple\">\n\n        <div class=\"shop-item\">\n            <div class=\"badge pricing\">\n<\/div>\n            <div class=\"badge pricing sale\">Sale<\/div>\n            <div class=\"badge pricing featured\">Trend<\/div>\n                        <a href=\"https:\/\/www.cusutensili.com\/de\/prodotto\/geloetete-werkzeuge\/\">\n                <img loading=\"lazy\" decoding=\"async\" width=\"690\" height=\"810\" src=\"https:\/\/www.cusutensili.com\/wordpress\/wp-content\/uploads\/2019\/12\/FRESA-DISCO-SAGOMA-3-690x810.jpg\" class=\"attachment-universal_shop_main size-universal_shop_main wp-post-image\" alt=\"FRESA A T\" srcset=\"https:\/\/www.cusutensili.com\/wordpress\/wp-content\/uploads\/2019\/12\/FRESA-DISCO-SAGOMA-3-690x810.jpg 690w, https:\/\/www.cusutensili.com\/wordpress\/wp-content\/uploads\/2019\/12\/FRESA-DISCO-SAGOMA-3-104x122.jpg 104w\" sizes=\"auto, (max-width: 690px) 100vw, 690px\" \/>            <\/a>\n        <\/div>\n        <a href=\"https:\/\/www.cusutensili.com\/de\/prodotto\/geloetete-werkzeuge\/\">\n              <h5>GEL\u00d6TETE WERKZEUGE<\/h5>\n        <\/a>\n\n<\/article><\/div>\n<\/div><div class=\"woocommerce \"><div class=\"wrap-content universal_mas_container text-center\"><article class=\"universal_mas_item post-2755 product type-product status-publish has-post-thumbnail product_cat-sonderwerkzeuge first instock taxable shipping-taxable product-type-simple\">\n\n        <div class=\"shop-item\">\n            <div class=\"badge pricing\">\n<\/div>\n            <div class=\"badge pricing sale\">Sale<\/div>\n            <div class=\"badge pricing featured\">Trend<\/div>\n                        <a href=\"https:\/\/www.cusutensili.com\/de\/prodotto\/wendeschneidplatten\/\">\n                <img loading=\"lazy\" decoding=\"async\" width=\"690\" height=\"810\" src=\"https:\/\/www.cusutensili.com\/wordpress\/wp-content\/uploads\/2020\/01\/inserti-sagomati-690x810.jpg\" class=\"attachment-universal_shop_main size-universal_shop_main wp-post-image\" alt=\"\" srcset=\"https:\/\/www.cusutensili.com\/wordpress\/wp-content\/uploads\/2020\/01\/inserti-sagomati-690x810.jpg 690w, https:\/\/www.cusutensili.com\/wordpress\/wp-content\/uploads\/2020\/01\/inserti-sagomati-104x122.jpg 104w\" sizes=\"auto, (max-width: 690px) 100vw, 690px\" \/>            <\/a>\n        <\/div>\n        <a href=\"https:\/\/www.cusutensili.com\/de\/prodotto\/wendeschneidplatten\/\">\n              <h5>WENDESCHNEIDPLATTEN<\/h5>\n        <\/a>\n\n<\/article><\/div>\n<\/div>[\/vc_column][\/vc_row]<\/p>\n","protected":false},"excerpt":{"rendered":"<p>[vc_row][vc_column][vc_column_text] Seit der Gr\u00fcndung im Jahr 1974 bietet Cus utensili weltweit Komplettl\u00f6sungen in der modernen industriellen Zerspanung. #CusSolution ist das Motto der Firma. Wir besch\u00e4ftigen uns mit der Zerspanung von Materialien haupts\u00e4chlich im Drehen, Bohren, Ausbohren, Senken und Fr\u00e4sen . Im unseren Programm findet man 5 Familiengruppen der Sonderwerkzeugen: WSP Sonderwerkezeuge, VHM und HSS Sonderwerkzeuge,&#8230;<\/p>\n","protected":false},"author":1,"featured_media":0,"parent":0,"menu_order":0,"comment_status":"closed","ping_status":"closed","template":"visual-composer.php","meta":{"_acf_changed":false,"footnotes":""},"class_list":["post-2540","page","type-page","status-publish","hentry"],"acf":[],"yoast_head":"<!-- This site is optimized with the Yoast SEO plugin v27.2 - https:\/\/yoast.com\/product\/yoast-seo-wordpress\/ -->\n<title>Produkte - Cusutensili<\/title>\n<meta name=\"description\" content=\"Seit der Gr\u00fcndung im Jahr 1974 bietet Cus utensili weltweit Komplettl\u00f6sungen in der modernen industriellen Zerspanung. #CusSolution ist das Motto der Firma. Wir besch\u00e4ftigen uns mit der Zerspanung von Materialien haupts\u00e4chlich im Drehen, Bohren, Ausbohren, Senken und Fr\u00e4sen . Im unseren Programm findet man 5 Familiengruppen der Sonderwerkzeugen: WSP Sonderwerkezeuge, VHM und HSS Sonderwerkzeuge, best. Sonderwerkzeuge, Sonderplatten, und PKD Sonderwerkzeuge. Die Firma bietet auch Halter und Sonderausr\u00fcstung.\" \/>\n<meta name=\"robots\" content=\"index, follow, max-snippet:-1, max-image-preview:large, max-video-preview:-1\" \/>\n<link rel=\"canonical\" href=\"https:\/\/www.cusutensili.com\/de\/produkte\/\" \/>\n<meta property=\"og:locale\" content=\"de_DE\" \/>\n<meta property=\"og:type\" content=\"article\" \/>\n<meta property=\"og:title\" content=\"Produkte - Cusutensili\" \/>\n<meta property=\"og:description\" content=\"Seit der Gr\u00fcndung im Jahr 1974 bietet Cus utensili weltweit Komplettl\u00f6sungen in der modernen industriellen Zerspanung. #CusSolution ist das Motto der Firma. Wir besch\u00e4ftigen uns mit der Zerspanung von Materialien haupts\u00e4chlich im Drehen, Bohren, Ausbohren, Senken und Fr\u00e4sen . Im unseren Programm findet man 5 Familiengruppen der Sonderwerkzeugen: WSP Sonderwerkezeuge, VHM und HSS Sonderwerkzeuge, best. Sonderwerkzeuge, Sonderplatten, und PKD Sonderwerkzeuge. Die Firma bietet auch Halter und Sonderausr\u00fcstung.\" \/>\n<meta property=\"og:url\" content=\"https:\/\/www.cusutensili.com\/de\/produkte\/\" \/>\n<meta property=\"og:site_name\" content=\"Cusutensili\" \/>\n<meta property=\"article:modified_time\" content=\"2021-03-18T09:41:15+00:00\" \/>\n<meta name=\"twitter:card\" content=\"summary_large_image\" \/>\n<meta name=\"twitter:label1\" content=\"Gesch\u00e4tzte Lesezeit\" \/>\n\t<meta name=\"twitter:data1\" content=\"1\u00a0Minute\" \/>\n<script type=\"application\/ld+json\" class=\"yoast-schema-graph\">{\"@context\":\"https:\/\/schema.org\",\"@graph\":[{\"@type\":\"WebPage\",\"@id\":\"https:\/\/www.cusutensili.com\/de\/produkte\/\",\"url\":\"https:\/\/www.cusutensili.com\/de\/produkte\/\",\"name\":\"Produkte - Cusutensili\",\"isPartOf\":{\"@id\":\"https:\/\/www.cusutensili.com\/de\/#website\"},\"datePublished\":\"2020-02-25T19:34:28+00:00\",\"dateModified\":\"2021-03-18T09:41:15+00:00\",\"description\":\"Seit der Gr\u00fcndung im Jahr 1974 bietet Cus utensili weltweit Komplettl\u00f6sungen in der modernen industriellen Zerspanung. #CusSolution ist das Motto der Firma. Wir besch\u00e4ftigen uns mit der Zerspanung von Materialien haupts\u00e4chlich im Drehen, Bohren, Ausbohren, Senken und Fr\u00e4sen . Im unseren Programm findet man 5 Familiengruppen der Sonderwerkzeugen: WSP Sonderwerkezeuge, VHM und HSS Sonderwerkzeuge, best. Sonderwerkzeuge, Sonderplatten, und PKD Sonderwerkzeuge. Die Firma bietet auch Halter und Sonderausr\u00fcstung.\",\"breadcrumb\":{\"@id\":\"https:\/\/www.cusutensili.com\/de\/produkte\/#breadcrumb\"},\"inLanguage\":\"de\",\"potentialAction\":[{\"@type\":\"ReadAction\",\"target\":[\"https:\/\/www.cusutensili.com\/de\/produkte\/\"]}]},{\"@type\":\"BreadcrumbList\",\"@id\":\"https:\/\/www.cusutensili.com\/de\/produkte\/#breadcrumb\",\"itemListElement\":[{\"@type\":\"ListItem\",\"position\":1,\"name\":\"Home\",\"item\":\"https:\/\/www.cusutensili.com\/de\/\"},{\"@type\":\"ListItem\",\"position\":2,\"name\":\"Produkte\"}]},{\"@type\":\"WebSite\",\"@id\":\"https:\/\/www.cusutensili.com\/de\/#website\",\"url\":\"https:\/\/www.cusutensili.com\/de\/\",\"name\":\"Cusutensili\",\"description\":\"\",\"publisher\":{\"@id\":\"https:\/\/www.cusutensili.com\/de\/#organization\"},\"potentialAction\":[{\"@type\":\"SearchAction\",\"target\":{\"@type\":\"EntryPoint\",\"urlTemplate\":\"https:\/\/www.cusutensili.com\/de\/?s={search_term_string}\"},\"query-input\":{\"@type\":\"PropertyValueSpecification\",\"valueRequired\":true,\"valueName\":\"search_term_string\"}}],\"inLanguage\":\"de\"},{\"@type\":\"Organization\",\"@id\":\"https:\/\/www.cusutensili.com\/de\/#organization\",\"name\":\"Cus utensili\",\"url\":\"https:\/\/www.cusutensili.com\/de\/\",\"logo\":{\"@type\":\"ImageObject\",\"inLanguage\":\"de\",\"@id\":\"https:\/\/www.cusutensili.com\/de\/#\/schema\/logo\/image\/\",\"url\":\"https:\/\/www.cusutensili.com\/wordpress\/wp-content\/uploads\/2021\/02\/CUS_Logo_COMPLETO.png\",\"contentUrl\":\"https:\/\/www.cusutensili.com\/wordpress\/wp-content\/uploads\/2021\/02\/CUS_Logo_COMPLETO.png\",\"width\":435,\"height\":177,\"caption\":\"Cus utensili\"},\"image\":{\"@id\":\"https:\/\/www.cusutensili.com\/de\/#\/schema\/logo\/image\/\"}}]}<\/script>\n<!-- \/ Yoast SEO plugin. -->","yoast_head_json":{"title":"Produkte - Cusutensili","description":"Seit der Gr\u00fcndung im Jahr 1974 bietet Cus utensili weltweit Komplettl\u00f6sungen in der modernen industriellen Zerspanung. #CusSolution ist das Motto der Firma. Wir besch\u00e4ftigen uns mit der Zerspanung von Materialien haupts\u00e4chlich im Drehen, Bohren, Ausbohren, Senken und Fr\u00e4sen . Im unseren Programm findet man 5 Familiengruppen der Sonderwerkzeugen: WSP Sonderwerkezeuge, VHM und HSS Sonderwerkzeuge, best. Sonderwerkzeuge, Sonderplatten, und PKD Sonderwerkzeuge. Die Firma bietet auch Halter und Sonderausr\u00fcstung.","robots":{"index":"index","follow":"follow","max-snippet":"max-snippet:-1","max-image-preview":"max-image-preview:large","max-video-preview":"max-video-preview:-1"},"canonical":"https:\/\/www.cusutensili.com\/de\/produkte\/","og_locale":"de_DE","og_type":"article","og_title":"Produkte - Cusutensili","og_description":"Seit der Gr\u00fcndung im Jahr 1974 bietet Cus utensili weltweit Komplettl\u00f6sungen in der modernen industriellen Zerspanung. #CusSolution ist das Motto der Firma. Wir besch\u00e4ftigen uns mit der Zerspanung von Materialien haupts\u00e4chlich im Drehen, Bohren, Ausbohren, Senken und Fr\u00e4sen . Im unseren Programm findet man 5 Familiengruppen der Sonderwerkzeugen: WSP Sonderwerkezeuge, VHM und HSS Sonderwerkzeuge, best. Sonderwerkzeuge, Sonderplatten, und PKD Sonderwerkzeuge. Die Firma bietet auch Halter und Sonderausr\u00fcstung.","og_url":"https:\/\/www.cusutensili.com\/de\/produkte\/","og_site_name":"Cusutensili","article_modified_time":"2021-03-18T09:41:15+00:00","twitter_card":"summary_large_image","twitter_misc":{"Gesch\u00e4tzte Lesezeit":"1\u00a0Minute"},"schema":{"@context":"https:\/\/schema.org","@graph":[{"@type":"WebPage","@id":"https:\/\/www.cusutensili.com\/de\/produkte\/","url":"https:\/\/www.cusutensili.com\/de\/produkte\/","name":"Produkte - Cusutensili","isPartOf":{"@id":"https:\/\/www.cusutensili.com\/de\/#website"},"datePublished":"2020-02-25T19:34:28+00:00","dateModified":"2021-03-18T09:41:15+00:00","description":"Seit der Gr\u00fcndung im Jahr 1974 bietet Cus utensili weltweit Komplettl\u00f6sungen in der modernen industriellen Zerspanung. #CusSolution ist das Motto der Firma. Wir besch\u00e4ftigen uns mit der Zerspanung von Materialien haupts\u00e4chlich im Drehen, Bohren, Ausbohren, Senken und Fr\u00e4sen . Im unseren Programm findet man 5 Familiengruppen der Sonderwerkzeugen: WSP Sonderwerkezeuge, VHM und HSS Sonderwerkzeuge, best. Sonderwerkzeuge, Sonderplatten, und PKD Sonderwerkzeuge. Die Firma bietet auch Halter und Sonderausr\u00fcstung.","breadcrumb":{"@id":"https:\/\/www.cusutensili.com\/de\/produkte\/#breadcrumb"},"inLanguage":"de","potentialAction":[{"@type":"ReadAction","target":["https:\/\/www.cusutensili.com\/de\/produkte\/"]}]},{"@type":"BreadcrumbList","@id":"https:\/\/www.cusutensili.com\/de\/produkte\/#breadcrumb","itemListElement":[{"@type":"ListItem","position":1,"name":"Home","item":"https:\/\/www.cusutensili.com\/de\/"},{"@type":"ListItem","position":2,"name":"Produkte"}]},{"@type":"WebSite","@id":"https:\/\/www.cusutensili.com\/de\/#website","url":"https:\/\/www.cusutensili.com\/de\/","name":"Cusutensili","description":"","publisher":{"@id":"https:\/\/www.cusutensili.com\/de\/#organization"},"potentialAction":[{"@type":"SearchAction","target":{"@type":"EntryPoint","urlTemplate":"https:\/\/www.cusutensili.com\/de\/?s={search_term_string}"},"query-input":{"@type":"PropertyValueSpecification","valueRequired":true,"valueName":"search_term_string"}}],"inLanguage":"de"},{"@type":"Organization","@id":"https:\/\/www.cusutensili.com\/de\/#organization","name":"Cus utensili","url":"https:\/\/www.cusutensili.com\/de\/","logo":{"@type":"ImageObject","inLanguage":"de","@id":"https:\/\/www.cusutensili.com\/de\/#\/schema\/logo\/image\/","url":"https:\/\/www.cusutensili.com\/wordpress\/wp-content\/uploads\/2021\/02\/CUS_Logo_COMPLETO.png","contentUrl":"https:\/\/www.cusutensili.com\/wordpress\/wp-content\/uploads\/2021\/02\/CUS_Logo_COMPLETO.png","width":435,"height":177,"caption":"Cus utensili"},"image":{"@id":"https:\/\/www.cusutensili.com\/de\/#\/schema\/logo\/image\/"}}]}},"_links":{"self":[{"href":"https:\/\/www.cusutensili.com\/de\/wp-json\/wp\/v2\/pages\/2540","targetHints":{"allow":["GET"]}}],"collection":[{"href":"https:\/\/www.cusutensili.com\/de\/wp-json\/wp\/v2\/pages"}],"about":[{"href":"https:\/\/www.cusutensili.com\/de\/wp-json\/wp\/v2\/types\/page"}],"author":[{"embeddable":true,"href":"https:\/\/www.cusutensili.com\/de\/wp-json\/wp\/v2\/users\/1"}],"replies":[{"embeddable":true,"href":"https:\/\/www.cusutensili.com\/de\/wp-json\/wp\/v2\/comments?post=2540"}],"version-history":[{"count":0,"href":"https:\/\/www.cusutensili.com\/de\/wp-json\/wp\/v2\/pages\/2540\/revisions"}],"wp:attachment":[{"href":"https:\/\/www.cusutensili.com\/de\/wp-json\/wp\/v2\/media?parent=2540"}],"curies":[{"name":"wp","href":"https:\/\/api.w.org\/{rel}","templated":true}]}}